{"id":2182,"date":"2024-05-27T08:42:01","date_gmt":"2024-05-27T06:42:01","guid":{"rendered":"https:\/\/old.europediamond.eu\/product\/fermacell"},"modified":"2025-09-12T10:57:06","modified_gmt":"2025-09-12T08:57:06","slug":"fermacell","status":"publish","type":"product","link":"https:\/\/old.europediamond.eu\/de\/produkte\/fermacell","title":{"rendered":"Fermacell"},"content":{"rendered":"<p>Die Fermacell\/Knauf Fr\u00e4se ist ein Spezialwerkzeug f\u00fcr die pr\u00e4zise Bearbeitung von Fermacell- und Knaufb\u00f6den. Die Minimierung von zur\u00fcckgelassenen Schrauben und Nieten ist entscheidend f\u00fcr die langfristige Effektivit\u00e4t des Fr\u00e4sers. Dies f\u00f6rdert eine nachhaltige Leistung und verl\u00e4ngert die Lebensdauer des Fr\u00e4sers. Je nach Bedarf stehen verschiedene &#8222;Tips&#8220; zur Verf\u00fcgung, die optimale Ergebnisse bei der Verarbeitung von Fermacell- und Knauf-Dielen gew\u00e4hrleisten. Diese Fr\u00e4se bietet Zuverl\u00e4ssigkeit und Effizienz f\u00fcr<br \/>\nprofessionelle und Heimwerkeranwendungen, bei denen Genauigkeit und konstante Leistung f\u00fcr erfolgreiche Fu\u00dfbodenheizungsprojekte unerl\u00e4sslich sind.<\/p>\n","protected":false},"excerpt":{"rendered":"<p>Zum Fr\u00e4sen von Knauf und Fermacell Bodenplatten<\/p>\n","protected":false},"featured_media":1315,"comment_status":"closed","ping_status":"closed","template":"","meta":{"_acf_changed":false},"product_brand":[],"product_cat":[116],"product_tag":[],"class_list":{"0":"post-2182","1":"product","2":"type-product","3":"status-publish","4":"has-post-thumbnail","6":"product_cat-frezen-de","8":"first","9":"instock","10":"taxable","11":"shipping-taxable","12":"purchasable","13":"product-type-variable","14":"has-default-attributes"},"acf":[],"yoast_head":"<!-- This site is optimized with the Yoast SEO plugin v27.3 - https:\/\/yoast.com\/product\/yoast-seo-wordpress\/ -->\n<title>Fermacell - Europe Diamond B.V.<\/title>\n<meta name=\"robots\" content=\"noindex, follow, max-snippet:-1, max-image-preview:large, max-video-preview:-1\" \/>\n<meta property=\"og:locale\" content=\"de_DE\" \/>\n<meta property=\"og:type\" content=\"article\" \/>\n<meta property=\"og:title\" content=\"Fermacell - Europe Diamond B.V.\" \/>\n<meta property=\"og:description\" content=\"Zum Fr\u00e4sen von Knauf und Fermacell Bodenplatten\" \/>\n<meta property=\"og:url\" content=\"https:\/\/old.europediamond.eu\/de\/produkte\/fermacell\" \/>\n<meta property=\"og:site_name\" content=\"Europe Diamond B.V.\" \/>\n<meta property=\"article:publisher\" content=\"https:\/\/www.facebook.com\/old.europediamond.eu\" \/>\n<meta property=\"article:modified_time\" content=\"2025-09-12T08:57:06+00:00\" \/>\n<meta property=\"og:image\" content=\"https:\/\/europediamond.eu\/wp-content\/uploads\/2024\/05\/zaagblad_2.png\" \/>\n\t<meta property=\"og:image:width\" content=\"1080\" \/>\n\t<meta property=\"og:image:height\" content=\"1080\" \/>\n\t<meta property=\"og:image:type\" content=\"image\/png\" \/>\n<meta name=\"twitter:card\" content=\"summary_large_image\" \/>\n<meta name=\"twitter:label1\" content=\"Gesch\u00e4tzte Lesezeit\" \/>\n\t<meta name=\"twitter:data1\" content=\"1\u00a0Minute\" \/>\n<script type=\"application\/ld+json\" class=\"yoast-schema-graph\">{\"@context\":\"https:\\\/\\\/schema.org\",\"@graph\":[{\"@type\":\"WebPage\",\"@id\":\"https:\\\/\\\/old.europediamond.eu\\\/de\\\/produkte\\\/fermacell\",\"url\":\"https:\\\/\\\/old.europediamond.eu\\\/de\\\/produkte\\\/fermacell\",\"name\":\"Fermacell - Europe Diamond B.V.\",\"isPartOf\":{\"@id\":\"https:\\\/\\\/old.europediamond.eu\\\/de#website\"},\"primaryImageOfPage\":{\"@id\":\"https:\\\/\\\/old.europediamond.eu\\\/de\\\/produkte\\\/fermacell#primaryimage\"},\"image\":{\"@id\":\"https:\\\/\\\/old.europediamond.eu\\\/de\\\/produkte\\\/fermacell#primaryimage\"},\"thumbnailUrl\":\"https:\\\/\\\/old.europediamond.eu\\\/wp-content\\\/uploads\\\/2024\\\/05\\\/zaagblad_2.png\",\"datePublished\":\"2024-05-27T06:42:01+00:00\",\"dateModified\":\"2025-09-12T08:57:06+00:00\",\"breadcrumb\":{\"@id\":\"https:\\\/\\\/old.europediamond.eu\\\/de\\\/produkte\\\/fermacell#breadcrumb\"},\"inLanguage\":\"de\",\"potentialAction\":[{\"@type\":\"ReadAction\",\"target\":[\"https:\\\/\\\/old.europediamond.eu\\\/de\\\/produkte\\\/fermacell\"]}]},{\"@type\":\"ImageObject\",\"inLanguage\":\"de\",\"@id\":\"https:\\\/\\\/old.europediamond.eu\\\/de\\\/produkte\\\/fermacell#primaryimage\",\"url\":\"https:\\\/\\\/old.europediamond.eu\\\/wp-content\\\/uploads\\\/2024\\\/05\\\/zaagblad_2.png\",\"contentUrl\":\"https:\\\/\\\/old.europediamond.eu\\\/wp-content\\\/uploads\\\/2024\\\/05\\\/zaagblad_2.png\",\"width\":1080,\"height\":1080},{\"@type\":\"BreadcrumbList\",\"@id\":\"https:\\\/\\\/old.europediamond.eu\\\/de\\\/produkte\\\/fermacell#breadcrumb\",\"itemListElement\":[{\"@type\":\"ListItem\",\"position\":1,\"name\":\"Home\",\"item\":\"https:\\\/\\\/europediamond.eu\\\/\"},{\"@type\":\"ListItem\",\"position\":2,\"name\":\"Produkte\",\"item\":\"https:\\\/\\\/europediamond.eu\\\/produkte\"},{\"@type\":\"ListItem\",\"position\":3,\"name\":\"Fermacell\"}]},{\"@type\":\"WebSite\",\"@id\":\"https:\\\/\\\/old.europediamond.eu\\\/de#website\",\"url\":\"https:\\\/\\\/old.europediamond.eu\\\/de\",\"name\":\"Europe Diamond B.V.\",\"description\":\"\",\"publisher\":{\"@id\":\"https:\\\/\\\/old.europediamond.eu\\\/de#organization\"},\"potentialAction\":[{\"@type\":\"SearchAction\",\"target\":{\"@type\":\"EntryPoint\",\"urlTemplate\":\"https:\\\/\\\/old.europediamond.eu\\\/de?s={search_term_string}\"},\"query-input\":{\"@type\":\"PropertyValueSpecification\",\"valueRequired\":true,\"valueName\":\"search_term_string\"}}],\"inLanguage\":\"de\"},{\"@type\":\"Organization\",\"@id\":\"https:\\\/\\\/old.europediamond.eu\\\/de#organization\",\"name\":\"Europe Diamond B.V.\",\"url\":\"https:\\\/\\\/old.europediamond.eu\\\/de\",\"logo\":{\"@type\":\"ImageObject\",\"inLanguage\":\"de\",\"@id\":\"https:\\\/\\\/old.europediamond.eu\\\/de#\\\/schema\\\/logo\\\/image\\\/\",\"url\":\"https:\\\/\\\/old.europediamond.eu\\\/wp-content\\\/uploads\\\/2024\\\/05\\\/logo-white.svg\",\"contentUrl\":\"https:\\\/\\\/old.europediamond.eu\\\/wp-content\\\/uploads\\\/2024\\\/05\\\/logo-white.svg\",\"width\":1,\"height\":1,\"caption\":\"Europe Diamond B.V.\"},\"image\":{\"@id\":\"https:\\\/\\\/old.europediamond.eu\\\/de#\\\/schema\\\/logo\\\/image\\\/\"},\"sameAs\":[\"https:\\\/\\\/www.facebook.com\\\/old.europediamond.eu\",\"https:\\\/\\\/www.instagram.com\\\/europediamond\\\/\"]}]}<\/script>\n<!-- \/ Yoast SEO plugin. -->","yoast_head_json":{"title":"Fermacell - Europe Diamond B.V.","robots":{"index":"noindex","follow":"follow","max-snippet":"max-snippet:-1","max-image-preview":"max-image-preview:large","max-video-preview":"max-video-preview:-1"},"og_locale":"de_DE","og_type":"article","og_title":"Fermacell - Europe Diamond B.V.","og_description":"Zum Fr\u00e4sen von Knauf und Fermacell Bodenplatten","og_url":"https:\/\/old.europediamond.eu\/de\/produkte\/fermacell","og_site_name":"Europe Diamond B.V.","article_publisher":"https:\/\/www.facebook.com\/old.europediamond.eu","article_modified_time":"2025-09-12T08:57:06+00:00","og_image":[{"width":1080,"height":1080,"url":"https:\/\/europediamond.eu\/wp-content\/uploads\/2024\/05\/zaagblad_2.png","type":"image\/png"}],"twitter_card":"summary_large_image","twitter_misc":{"Gesch\u00e4tzte Lesezeit":"1\u00a0Minute"},"schema":{"@context":"https:\/\/schema.org","@graph":[{"@type":"WebPage","@id":"https:\/\/old.europediamond.eu\/de\/produkte\/fermacell","url":"https:\/\/old.europediamond.eu\/de\/produkte\/fermacell","name":"Fermacell - Europe Diamond B.V.","isPartOf":{"@id":"https:\/\/old.europediamond.eu\/de#website"},"primaryImageOfPage":{"@id":"https:\/\/old.europediamond.eu\/de\/produkte\/fermacell#primaryimage"},"image":{"@id":"https:\/\/old.europediamond.eu\/de\/produkte\/fermacell#primaryimage"},"thumbnailUrl":"https:\/\/old.europediamond.eu\/wp-content\/uploads\/2024\/05\/zaagblad_2.png","datePublished":"2024-05-27T06:42:01+00:00","dateModified":"2025-09-12T08:57:06+00:00","breadcrumb":{"@id":"https:\/\/old.europediamond.eu\/de\/produkte\/fermacell#breadcrumb"},"inLanguage":"de","potentialAction":[{"@type":"ReadAction","target":["https:\/\/old.europediamond.eu\/de\/produkte\/fermacell"]}]},{"@type":"ImageObject","inLanguage":"de","@id":"https:\/\/old.europediamond.eu\/de\/produkte\/fermacell#primaryimage","url":"https:\/\/old.europediamond.eu\/wp-content\/uploads\/2024\/05\/zaagblad_2.png","contentUrl":"https:\/\/old.europediamond.eu\/wp-content\/uploads\/2024\/05\/zaagblad_2.png","width":1080,"height":1080},{"@type":"BreadcrumbList","@id":"https:\/\/old.europediamond.eu\/de\/produkte\/fermacell#breadcrumb","itemListElement":[{"@type":"ListItem","position":1,"name":"Home","item":"https:\/\/europediamond.eu\/"},{"@type":"ListItem","position":2,"name":"Produkte","item":"https:\/\/europediamond.eu\/produkte"},{"@type":"ListItem","position":3,"name":"Fermacell"}]},{"@type":"WebSite","@id":"https:\/\/old.europediamond.eu\/de#website","url":"https:\/\/old.europediamond.eu\/de","name":"Europe Diamond B.V.","description":"","publisher":{"@id":"https:\/\/old.europediamond.eu\/de#organization"},"potentialAction":[{"@type":"SearchAction","target":{"@type":"EntryPoint","urlTemplate":"https:\/\/old.europediamond.eu\/de?s={search_term_string}"},"query-input":{"@type":"PropertyValueSpecification","valueRequired":true,"valueName":"search_term_string"}}],"inLanguage":"de"},{"@type":"Organization","@id":"https:\/\/old.europediamond.eu\/de#organization","name":"Europe Diamond B.V.","url":"https:\/\/old.europediamond.eu\/de","logo":{"@type":"ImageObject","inLanguage":"de","@id":"https:\/\/old.europediamond.eu\/de#\/schema\/logo\/image\/","url":"https:\/\/old.europediamond.eu\/wp-content\/uploads\/2024\/05\/logo-white.svg","contentUrl":"https:\/\/old.europediamond.eu\/wp-content\/uploads\/2024\/05\/logo-white.svg","width":1,"height":1,"caption":"Europe Diamond B.V."},"image":{"@id":"https:\/\/old.europediamond.eu\/de#\/schema\/logo\/image\/"},"sameAs":["https:\/\/www.facebook.com\/old.europediamond.eu","https:\/\/www.instagram.com\/europediamond\/"]}]}},"_links":{"self":[{"href":"https:\/\/old.europediamond.eu\/de\/wp-json\/wp\/v2\/product\/2182","targetHints":{"allow":["GET"]}}],"collection":[{"href":"https:\/\/old.europediamond.eu\/de\/wp-json\/wp\/v2\/product"}],"about":[{"href":"https:\/\/old.europediamond.eu\/de\/wp-json\/wp\/v2\/types\/product"}],"replies":[{"embeddable":true,"href":"https:\/\/old.europediamond.eu\/de\/wp-json\/wp\/v2\/comments?post=2182"}],"wp:featuredmedia":[{"embeddable":true,"href":"https:\/\/old.europediamond.eu\/de\/wp-json\/wp\/v2\/media\/1315"}],"wp:attachment":[{"href":"https:\/\/old.europediamond.eu\/de\/wp-json\/wp\/v2\/media?parent=2182"}],"wp:term":[{"taxonomy":"product_brand","embeddable":true,"href":"https:\/\/old.europediamond.eu\/de\/wp-json\/wp\/v2\/product_brand?post=2182"},{"taxonomy":"product_cat","embeddable":true,"href":"https:\/\/old.europediamond.eu\/de\/wp-json\/wp\/v2\/product_cat?post=2182"},{"taxonomy":"product_tag","embeddable":true,"href":"https:\/\/old.europediamond.eu\/de\/wp-json\/wp\/v2\/product_tag?post=2182"}],"curies":[{"name":"wp","href":"https:\/\/api.w.org\/{rel}","templated":true}]}}