{"id":2175,"date":"2024-05-27T11:47:18","date_gmt":"2024-05-27T09:47:18","guid":{"rendered":"https:\/\/old.europediamond.eu\/product\/harde-tegels-en-betonnen-vloeren"},"modified":"2024-08-01T16:24:34","modified_gmt":"2024-08-01T14:24:34","slug":"extrem-harte-boden","status":"publish","type":"product","link":"https:\/\/old.europediamond.eu\/de\/produkte\/extrem-harte-boden","title":{"rendered":"Extrem harte B\u00f6den"},"content":{"rendered":"<p><span style=\"font-weight: 400;\">Die rote Fr\u00e4sscheibe ist ideal f\u00fcr harte Fliesen- und Betonb\u00f6den dank ihrer weichen Bindung, die damit an die H\u00e4rte der Bodenbeschaffenheit angepasst wird. Die Verwendung einer Wasserk\u00fchlung wird dringend empfohlen, um den Fr\u00e4ser zu k\u00fchlen, was nicht nur eine konstante Fr\u00e4sgeschwindigkeit, sondern auch eine optimale Leistung gew\u00e4hrleistet. Dieser Fr\u00e4ser ist bekannt f\u00fcr seine Leistungsst\u00e4rke auch auf den schwierigsten Hartb\u00f6den. Er ist ein unverzichtbares Werkzeug f\u00fcr Profis, die bei der Bearbeitung von Hartb\u00f6den hochwertige Ergebnisse erzielen wollen.<\/span><\/p>\n","protected":false},"excerpt":{"rendered":"<p><span style=\"font-weight: 400;\">Zum Fr\u00e4sen von harten Fliesen- und Betonb\u00f6den<\/span><\/p>\n","protected":false},"featured_media":2099,"comment_status":"closed","ping_status":"closed","template":"","meta":{"_acf_changed":false},"product_brand":[],"product_cat":[116],"product_tag":[],"class_list":{"0":"post-2175","1":"product","2":"type-product","3":"status-publish","4":"has-post-thumbnail","6":"product_cat-frezen-de","8":"first","9":"instock","10":"taxable","11":"shipping-taxable","12":"purchasable","13":"product-type-variable","14":"has-default-attributes"},"acf":[],"yoast_head":"<!-- This site is optimized with the Yoast SEO plugin v27.3 - https:\/\/yoast.com\/product\/yoast-seo-wordpress\/ -->\n<title>Extrem harte B\u00f6den - Europe Diamond B.V.<\/title>\n<meta name=\"robots\" content=\"noindex, follow, max-snippet:-1, max-image-preview:large, max-video-preview:-1\" \/>\n<meta property=\"og:locale\" content=\"de_DE\" \/>\n<meta property=\"og:type\" content=\"article\" \/>\n<meta property=\"og:title\" content=\"Extrem harte B\u00f6den - Europe Diamond B.V.\" \/>\n<meta property=\"og:description\" content=\"Zum Fr\u00e4sen von harten Fliesen- und Betonb\u00f6den\" \/>\n<meta property=\"og:url\" content=\"https:\/\/old.europediamond.eu\/de\/produkte\/extrem-harte-boden\" \/>\n<meta property=\"og:site_name\" content=\"Europe Diamond B.V.\" \/>\n<meta property=\"article:publisher\" content=\"https:\/\/www.facebook.com\/old.europediamond.eu\" \/>\n<meta property=\"article:modified_time\" content=\"2024-08-01T14:24:34+00:00\" \/>\n<meta property=\"og:image\" content=\"https:\/\/europediamond.eu\/wp-content\/uploads\/2024\/05\/unnamed-9.png\" \/>\n\t<meta property=\"og:image:width\" content=\"512\" \/>\n\t<meta property=\"og:image:height\" content=\"514\" \/>\n\t<meta property=\"og:image:type\" content=\"image\/png\" \/>\n<meta name=\"twitter:card\" content=\"summary_large_image\" \/>\n<meta name=\"twitter:label1\" content=\"Gesch\u00e4tzte Lesezeit\" \/>\n\t<meta name=\"twitter:data1\" content=\"1\u00a0Minute\" \/>\n<script type=\"application\/ld+json\" class=\"yoast-schema-graph\">{\"@context\":\"https:\\\/\\\/schema.org\",\"@graph\":[{\"@type\":\"WebPage\",\"@id\":\"https:\\\/\\\/old.europediamond.eu\\\/de\\\/produkte\\\/extrem-harte-boden\",\"url\":\"https:\\\/\\\/old.europediamond.eu\\\/de\\\/produkte\\\/extrem-harte-boden\",\"name\":\"Extrem harte B\u00f6den - Europe Diamond B.V.\",\"isPartOf\":{\"@id\":\"https:\\\/\\\/old.europediamond.eu\\\/de#website\"},\"primaryImageOfPage\":{\"@id\":\"https:\\\/\\\/old.europediamond.eu\\\/de\\\/produkte\\\/extrem-harte-boden#primaryimage\"},\"image\":{\"@id\":\"https:\\\/\\\/old.europediamond.eu\\\/de\\\/produkte\\\/extrem-harte-boden#primaryimage\"},\"thumbnailUrl\":\"https:\\\/\\\/old.europediamond.eu\\\/wp-content\\\/uploads\\\/2024\\\/05\\\/unnamed-9.png\",\"datePublished\":\"2024-05-27T09:47:18+00:00\",\"dateModified\":\"2024-08-01T14:24:34+00:00\",\"breadcrumb\":{\"@id\":\"https:\\\/\\\/old.europediamond.eu\\\/de\\\/produkte\\\/extrem-harte-boden#breadcrumb\"},\"inLanguage\":\"de\",\"potentialAction\":[{\"@type\":\"ReadAction\",\"target\":[\"https:\\\/\\\/old.europediamond.eu\\\/de\\\/produkte\\\/extrem-harte-boden\"]}]},{\"@type\":\"ImageObject\",\"inLanguage\":\"de\",\"@id\":\"https:\\\/\\\/old.europediamond.eu\\\/de\\\/produkte\\\/extrem-harte-boden#primaryimage\",\"url\":\"https:\\\/\\\/old.europediamond.eu\\\/wp-content\\\/uploads\\\/2024\\\/05\\\/unnamed-9.png\",\"contentUrl\":\"https:\\\/\\\/old.europediamond.eu\\\/wp-content\\\/uploads\\\/2024\\\/05\\\/unnamed-9.png\",\"width\":512,\"height\":514},{\"@type\":\"BreadcrumbList\",\"@id\":\"https:\\\/\\\/old.europediamond.eu\\\/de\\\/produkte\\\/extrem-harte-boden#breadcrumb\",\"itemListElement\":[{\"@type\":\"ListItem\",\"position\":1,\"name\":\"Home\",\"item\":\"https:\\\/\\\/europediamond.eu\\\/\"},{\"@type\":\"ListItem\",\"position\":2,\"name\":\"Produkte\",\"item\":\"https:\\\/\\\/europediamond.eu\\\/produkte\"},{\"@type\":\"ListItem\",\"position\":3,\"name\":\"Extrem harte B\u00f6den\"}]},{\"@type\":\"WebSite\",\"@id\":\"https:\\\/\\\/old.europediamond.eu\\\/de#website\",\"url\":\"https:\\\/\\\/old.europediamond.eu\\\/de\",\"name\":\"Europe Diamond B.V.\",\"description\":\"\",\"publisher\":{\"@id\":\"https:\\\/\\\/old.europediamond.eu\\\/de#organization\"},\"potentialAction\":[{\"@type\":\"SearchAction\",\"target\":{\"@type\":\"EntryPoint\",\"urlTemplate\":\"https:\\\/\\\/old.europediamond.eu\\\/de?s={search_term_string}\"},\"query-input\":{\"@type\":\"PropertyValueSpecification\",\"valueRequired\":true,\"valueName\":\"search_term_string\"}}],\"inLanguage\":\"de\"},{\"@type\":\"Organization\",\"@id\":\"https:\\\/\\\/old.europediamond.eu\\\/de#organization\",\"name\":\"Europe Diamond B.V.\",\"url\":\"https:\\\/\\\/old.europediamond.eu\\\/de\",\"logo\":{\"@type\":\"ImageObject\",\"inLanguage\":\"de\",\"@id\":\"https:\\\/\\\/old.europediamond.eu\\\/de#\\\/schema\\\/logo\\\/image\\\/\",\"url\":\"https:\\\/\\\/old.europediamond.eu\\\/wp-content\\\/uploads\\\/2024\\\/05\\\/logo-white.svg\",\"contentUrl\":\"https:\\\/\\\/old.europediamond.eu\\\/wp-content\\\/uploads\\\/2024\\\/05\\\/logo-white.svg\",\"width\":1,\"height\":1,\"caption\":\"Europe Diamond B.V.\"},\"image\":{\"@id\":\"https:\\\/\\\/old.europediamond.eu\\\/de#\\\/schema\\\/logo\\\/image\\\/\"},\"sameAs\":[\"https:\\\/\\\/www.facebook.com\\\/old.europediamond.eu\",\"https:\\\/\\\/www.instagram.com\\\/europediamond\\\/\"]}]}<\/script>\n<!-- \/ Yoast SEO plugin. -->","yoast_head_json":{"title":"Extrem harte B\u00f6den - Europe Diamond B.V.","robots":{"index":"noindex","follow":"follow","max-snippet":"max-snippet:-1","max-image-preview":"max-image-preview:large","max-video-preview":"max-video-preview:-1"},"og_locale":"de_DE","og_type":"article","og_title":"Extrem harte B\u00f6den - Europe Diamond B.V.","og_description":"Zum Fr\u00e4sen von harten Fliesen- und Betonb\u00f6den","og_url":"https:\/\/old.europediamond.eu\/de\/produkte\/extrem-harte-boden","og_site_name":"Europe Diamond B.V.","article_publisher":"https:\/\/www.facebook.com\/old.europediamond.eu","article_modified_time":"2024-08-01T14:24:34+00:00","og_image":[{"width":512,"height":514,"url":"https:\/\/europediamond.eu\/wp-content\/uploads\/2024\/05\/unnamed-9.png","type":"image\/png"}],"twitter_card":"summary_large_image","twitter_misc":{"Gesch\u00e4tzte Lesezeit":"1\u00a0Minute"},"schema":{"@context":"https:\/\/schema.org","@graph":[{"@type":"WebPage","@id":"https:\/\/old.europediamond.eu\/de\/produkte\/extrem-harte-boden","url":"https:\/\/old.europediamond.eu\/de\/produkte\/extrem-harte-boden","name":"Extrem harte B\u00f6den - Europe Diamond B.V.","isPartOf":{"@id":"https:\/\/old.europediamond.eu\/de#website"},"primaryImageOfPage":{"@id":"https:\/\/old.europediamond.eu\/de\/produkte\/extrem-harte-boden#primaryimage"},"image":{"@id":"https:\/\/old.europediamond.eu\/de\/produkte\/extrem-harte-boden#primaryimage"},"thumbnailUrl":"https:\/\/old.europediamond.eu\/wp-content\/uploads\/2024\/05\/unnamed-9.png","datePublished":"2024-05-27T09:47:18+00:00","dateModified":"2024-08-01T14:24:34+00:00","breadcrumb":{"@id":"https:\/\/old.europediamond.eu\/de\/produkte\/extrem-harte-boden#breadcrumb"},"inLanguage":"de","potentialAction":[{"@type":"ReadAction","target":["https:\/\/old.europediamond.eu\/de\/produkte\/extrem-harte-boden"]}]},{"@type":"ImageObject","inLanguage":"de","@id":"https:\/\/old.europediamond.eu\/de\/produkte\/extrem-harte-boden#primaryimage","url":"https:\/\/old.europediamond.eu\/wp-content\/uploads\/2024\/05\/unnamed-9.png","contentUrl":"https:\/\/old.europediamond.eu\/wp-content\/uploads\/2024\/05\/unnamed-9.png","width":512,"height":514},{"@type":"BreadcrumbList","@id":"https:\/\/old.europediamond.eu\/de\/produkte\/extrem-harte-boden#breadcrumb","itemListElement":[{"@type":"ListItem","position":1,"name":"Home","item":"https:\/\/europediamond.eu\/"},{"@type":"ListItem","position":2,"name":"Produkte","item":"https:\/\/europediamond.eu\/produkte"},{"@type":"ListItem","position":3,"name":"Extrem harte B\u00f6den"}]},{"@type":"WebSite","@id":"https:\/\/old.europediamond.eu\/de#website","url":"https:\/\/old.europediamond.eu\/de","name":"Europe Diamond B.V.","description":"","publisher":{"@id":"https:\/\/old.europediamond.eu\/de#organization"},"potentialAction":[{"@type":"SearchAction","target":{"@type":"EntryPoint","urlTemplate":"https:\/\/old.europediamond.eu\/de?s={search_term_string}"},"query-input":{"@type":"PropertyValueSpecification","valueRequired":true,"valueName":"search_term_string"}}],"inLanguage":"de"},{"@type":"Organization","@id":"https:\/\/old.europediamond.eu\/de#organization","name":"Europe Diamond B.V.","url":"https:\/\/old.europediamond.eu\/de","logo":{"@type":"ImageObject","inLanguage":"de","@id":"https:\/\/old.europediamond.eu\/de#\/schema\/logo\/image\/","url":"https:\/\/old.europediamond.eu\/wp-content\/uploads\/2024\/05\/logo-white.svg","contentUrl":"https:\/\/old.europediamond.eu\/wp-content\/uploads\/2024\/05\/logo-white.svg","width":1,"height":1,"caption":"Europe Diamond B.V."},"image":{"@id":"https:\/\/old.europediamond.eu\/de#\/schema\/logo\/image\/"},"sameAs":["https:\/\/www.facebook.com\/old.europediamond.eu","https:\/\/www.instagram.com\/europediamond\/"]}]}},"_links":{"self":[{"href":"https:\/\/old.europediamond.eu\/de\/wp-json\/wp\/v2\/product\/2175","targetHints":{"allow":["GET"]}}],"collection":[{"href":"https:\/\/old.europediamond.eu\/de\/wp-json\/wp\/v2\/product"}],"about":[{"href":"https:\/\/old.europediamond.eu\/de\/wp-json\/wp\/v2\/types\/product"}],"replies":[{"embeddable":true,"href":"https:\/\/old.europediamond.eu\/de\/wp-json\/wp\/v2\/comments?post=2175"}],"wp:featuredmedia":[{"embeddable":true,"href":"https:\/\/old.europediamond.eu\/de\/wp-json\/wp\/v2\/media\/2099"}],"wp:attachment":[{"href":"https:\/\/old.europediamond.eu\/de\/wp-json\/wp\/v2\/media?parent=2175"}],"wp:term":[{"taxonomy":"product_brand","embeddable":true,"href":"https:\/\/old.europediamond.eu\/de\/wp-json\/wp\/v2\/product_brand?post=2175"},{"taxonomy":"product_cat","embeddable":true,"href":"https:\/\/old.europediamond.eu\/de\/wp-json\/wp\/v2\/product_cat?post=2175"},{"taxonomy":"product_tag","embeddable":true,"href":"https:\/\/old.europediamond.eu\/de\/wp-json\/wp\/v2\/product_tag?post=2175"}],"curies":[{"name":"wp","href":"https:\/\/api.w.org\/{rel}","templated":true}]}}