{"id":2168,"date":"2024-05-27T11:53:46","date_gmt":"2024-05-27T09:53:46","guid":{"rendered":"https:\/\/old.europediamond.eu\/product\/voor-cementdekvloeren"},"modified":"2024-08-02T13:34:13","modified_gmt":"2024-08-02T11:34:13","slug":"harte-boden","status":"publish","type":"product","link":"https:\/\/old.europediamond.eu\/de\/produkte\/harte-boden","title":{"rendered":"Harte B\u00f6den"},"content":{"rendered":"<p><span style=\"font-weight: 400;\">Die gr\u00fcne Fr\u00e4se ist ideal f\u00fcr harte B\u00f6den wie z.B. <strong>harte Fliesenb\u00f6den<\/strong> und Betonb\u00f6den. Sie hebt sich von anderen Fr\u00e4sern durch ihre hervorragende Leistung ab, auch im Trockeneinsatz, wobei sie ihre Fr\u00e4sgeschwindigkeit und Stabilit\u00e4t beibeh\u00e4lt. F\u00fcr noch h\u00e4rtere B\u00f6den kann auch eine Wasserk\u00fchlung eingesetzt werden. Diese vielseitige Fr\u00e4se, die in den Durchmessern \u00d8120 und \u00d8130 mm erh\u00e4ltlich ist, ist ein Muss f\u00fcr Unternehmen, die neben Sandzement auch h\u00e4rtere B\u00f6den fr\u00e4sen.<\/span><\/p>\n","protected":false},"excerpt":{"rendered":"<p>Zum Fr\u00e4sen von Fliesenb\u00f6den und Hartb\u00f6den<\/p>\n","protected":false},"featured_media":2097,"comment_status":"closed","ping_status":"closed","template":"","meta":{"_acf_changed":false},"product_brand":[],"product_cat":[116],"product_tag":[],"class_list":{"0":"post-2168","1":"product","2":"type-product","3":"status-publish","4":"has-post-thumbnail","6":"product_cat-frezen-de","8":"first","9":"instock","10":"taxable","11":"shipping-taxable","12":"purchasable","13":"product-type-variable","14":"has-default-attributes"},"acf":[],"yoast_head":"<!-- This site is optimized with the Yoast SEO plugin v27.3 - https:\/\/yoast.com\/product\/yoast-seo-wordpress\/ -->\n<title>Europe Diamond | Harte B\u00f6den<\/title>\n<meta name=\"robots\" content=\"noindex, follow, max-snippet:-1, max-image-preview:large, max-video-preview:-1\" \/>\n<meta property=\"og:locale\" content=\"de_DE\" \/>\n<meta property=\"og:type\" content=\"article\" \/>\n<meta property=\"og:title\" content=\"Europe Diamond | Harte B\u00f6den\" \/>\n<meta property=\"og:description\" content=\"Zum Fr\u00e4sen von Fliesenb\u00f6den und Hartb\u00f6den\" \/>\n<meta property=\"og:url\" content=\"https:\/\/old.europediamond.eu\/de\/produkte\/harte-boden\" \/>\n<meta property=\"og:site_name\" content=\"Europe Diamond B.V.\" \/>\n<meta property=\"article:publisher\" content=\"https:\/\/www.facebook.com\/old.europediamond.eu\" \/>\n<meta property=\"article:modified_time\" content=\"2024-08-02T11:34:13+00:00\" \/>\n<meta property=\"og:image\" content=\"https:\/\/europediamond.eu\/wp-content\/uploads\/2024\/05\/freesschijf-groen-130.png\" \/>\n\t<meta property=\"og:image:width\" content=\"870\" \/>\n\t<meta property=\"og:image:height\" content=\"873\" \/>\n\t<meta property=\"og:image:type\" content=\"image\/png\" \/>\n<meta name=\"twitter:card\" content=\"summary_large_image\" \/>\n<meta name=\"twitter:label1\" content=\"Gesch\u00e4tzte Lesezeit\" \/>\n\t<meta name=\"twitter:data1\" content=\"1\u00a0Minute\" \/>\n<script type=\"application\/ld+json\" class=\"yoast-schema-graph\">{\"@context\":\"https:\\\/\\\/schema.org\",\"@graph\":[{\"@type\":\"WebPage\",\"@id\":\"https:\\\/\\\/old.europediamond.eu\\\/de\\\/produkte\\\/harte-boden\",\"url\":\"https:\\\/\\\/old.europediamond.eu\\\/de\\\/produkte\\\/harte-boden\",\"name\":\"Europe Diamond | Harte B\u00f6den\",\"isPartOf\":{\"@id\":\"https:\\\/\\\/old.europediamond.eu\\\/de#website\"},\"primaryImageOfPage\":{\"@id\":\"https:\\\/\\\/old.europediamond.eu\\\/de\\\/produkte\\\/harte-boden#primaryimage\"},\"image\":{\"@id\":\"https:\\\/\\\/old.europediamond.eu\\\/de\\\/produkte\\\/harte-boden#primaryimage\"},\"thumbnailUrl\":\"https:\\\/\\\/old.europediamond.eu\\\/wp-content\\\/uploads\\\/2024\\\/05\\\/freesschijf-groen-130.png\",\"datePublished\":\"2024-05-27T09:53:46+00:00\",\"dateModified\":\"2024-08-02T11:34:13+00:00\",\"breadcrumb\":{\"@id\":\"https:\\\/\\\/old.europediamond.eu\\\/de\\\/produkte\\\/harte-boden#breadcrumb\"},\"inLanguage\":\"de\",\"potentialAction\":[{\"@type\":\"ReadAction\",\"target\":[\"https:\\\/\\\/old.europediamond.eu\\\/de\\\/produkte\\\/harte-boden\"]}]},{\"@type\":\"ImageObject\",\"inLanguage\":\"de\",\"@id\":\"https:\\\/\\\/old.europediamond.eu\\\/de\\\/produkte\\\/harte-boden#primaryimage\",\"url\":\"https:\\\/\\\/old.europediamond.eu\\\/wp-content\\\/uploads\\\/2024\\\/05\\\/freesschijf-groen-130.png\",\"contentUrl\":\"https:\\\/\\\/old.europediamond.eu\\\/wp-content\\\/uploads\\\/2024\\\/05\\\/freesschijf-groen-130.png\",\"width\":870,\"height\":873},{\"@type\":\"BreadcrumbList\",\"@id\":\"https:\\\/\\\/old.europediamond.eu\\\/de\\\/produkte\\\/harte-boden#breadcrumb\",\"itemListElement\":[{\"@type\":\"ListItem\",\"position\":1,\"name\":\"Home\",\"item\":\"https:\\\/\\\/europediamond.eu\\\/\"},{\"@type\":\"ListItem\",\"position\":2,\"name\":\"Produkte\",\"item\":\"https:\\\/\\\/europediamond.eu\\\/produkte\"},{\"@type\":\"ListItem\",\"position\":3,\"name\":\"Harte B\u00f6den\"}]},{\"@type\":\"WebSite\",\"@id\":\"https:\\\/\\\/old.europediamond.eu\\\/de#website\",\"url\":\"https:\\\/\\\/old.europediamond.eu\\\/de\",\"name\":\"Europe Diamond B.V.\",\"description\":\"\",\"publisher\":{\"@id\":\"https:\\\/\\\/old.europediamond.eu\\\/de#organization\"},\"potentialAction\":[{\"@type\":\"SearchAction\",\"target\":{\"@type\":\"EntryPoint\",\"urlTemplate\":\"https:\\\/\\\/old.europediamond.eu\\\/de?s={search_term_string}\"},\"query-input\":{\"@type\":\"PropertyValueSpecification\",\"valueRequired\":true,\"valueName\":\"search_term_string\"}}],\"inLanguage\":\"de\"},{\"@type\":\"Organization\",\"@id\":\"https:\\\/\\\/old.europediamond.eu\\\/de#organization\",\"name\":\"Europe Diamond B.V.\",\"url\":\"https:\\\/\\\/old.europediamond.eu\\\/de\",\"logo\":{\"@type\":\"ImageObject\",\"inLanguage\":\"de\",\"@id\":\"https:\\\/\\\/old.europediamond.eu\\\/de#\\\/schema\\\/logo\\\/image\\\/\",\"url\":\"https:\\\/\\\/old.europediamond.eu\\\/wp-content\\\/uploads\\\/2024\\\/05\\\/logo-white.svg\",\"contentUrl\":\"https:\\\/\\\/old.europediamond.eu\\\/wp-content\\\/uploads\\\/2024\\\/05\\\/logo-white.svg\",\"width\":1,\"height\":1,\"caption\":\"Europe Diamond B.V.\"},\"image\":{\"@id\":\"https:\\\/\\\/old.europediamond.eu\\\/de#\\\/schema\\\/logo\\\/image\\\/\"},\"sameAs\":[\"https:\\\/\\\/www.facebook.com\\\/old.europediamond.eu\",\"https:\\\/\\\/www.instagram.com\\\/europediamond\\\/\"]}]}<\/script>\n<!-- \/ Yoast SEO plugin. -->","yoast_head_json":{"title":"Europe Diamond | Harte B\u00f6den","robots":{"index":"noindex","follow":"follow","max-snippet":"max-snippet:-1","max-image-preview":"max-image-preview:large","max-video-preview":"max-video-preview:-1"},"og_locale":"de_DE","og_type":"article","og_title":"Europe Diamond | Harte B\u00f6den","og_description":"Zum Fr\u00e4sen von Fliesenb\u00f6den und Hartb\u00f6den","og_url":"https:\/\/old.europediamond.eu\/de\/produkte\/harte-boden","og_site_name":"Europe Diamond B.V.","article_publisher":"https:\/\/www.facebook.com\/old.europediamond.eu","article_modified_time":"2024-08-02T11:34:13+00:00","og_image":[{"width":870,"height":873,"url":"https:\/\/europediamond.eu\/wp-content\/uploads\/2024\/05\/freesschijf-groen-130.png","type":"image\/png"}],"twitter_card":"summary_large_image","twitter_misc":{"Gesch\u00e4tzte Lesezeit":"1\u00a0Minute"},"schema":{"@context":"https:\/\/schema.org","@graph":[{"@type":"WebPage","@id":"https:\/\/old.europediamond.eu\/de\/produkte\/harte-boden","url":"https:\/\/old.europediamond.eu\/de\/produkte\/harte-boden","name":"Europe Diamond | Harte B\u00f6den","isPartOf":{"@id":"https:\/\/old.europediamond.eu\/de#website"},"primaryImageOfPage":{"@id":"https:\/\/old.europediamond.eu\/de\/produkte\/harte-boden#primaryimage"},"image":{"@id":"https:\/\/old.europediamond.eu\/de\/produkte\/harte-boden#primaryimage"},"thumbnailUrl":"https:\/\/old.europediamond.eu\/wp-content\/uploads\/2024\/05\/freesschijf-groen-130.png","datePublished":"2024-05-27T09:53:46+00:00","dateModified":"2024-08-02T11:34:13+00:00","breadcrumb":{"@id":"https:\/\/old.europediamond.eu\/de\/produkte\/harte-boden#breadcrumb"},"inLanguage":"de","potentialAction":[{"@type":"ReadAction","target":["https:\/\/old.europediamond.eu\/de\/produkte\/harte-boden"]}]},{"@type":"ImageObject","inLanguage":"de","@id":"https:\/\/old.europediamond.eu\/de\/produkte\/harte-boden#primaryimage","url":"https:\/\/old.europediamond.eu\/wp-content\/uploads\/2024\/05\/freesschijf-groen-130.png","contentUrl":"https:\/\/old.europediamond.eu\/wp-content\/uploads\/2024\/05\/freesschijf-groen-130.png","width":870,"height":873},{"@type":"BreadcrumbList","@id":"https:\/\/old.europediamond.eu\/de\/produkte\/harte-boden#breadcrumb","itemListElement":[{"@type":"ListItem","position":1,"name":"Home","item":"https:\/\/europediamond.eu\/"},{"@type":"ListItem","position":2,"name":"Produkte","item":"https:\/\/europediamond.eu\/produkte"},{"@type":"ListItem","position":3,"name":"Harte B\u00f6den"}]},{"@type":"WebSite","@id":"https:\/\/old.europediamond.eu\/de#website","url":"https:\/\/old.europediamond.eu\/de","name":"Europe Diamond B.V.","description":"","publisher":{"@id":"https:\/\/old.europediamond.eu\/de#organization"},"potentialAction":[{"@type":"SearchAction","target":{"@type":"EntryPoint","urlTemplate":"https:\/\/old.europediamond.eu\/de?s={search_term_string}"},"query-input":{"@type":"PropertyValueSpecification","valueRequired":true,"valueName":"search_term_string"}}],"inLanguage":"de"},{"@type":"Organization","@id":"https:\/\/old.europediamond.eu\/de#organization","name":"Europe Diamond B.V.","url":"https:\/\/old.europediamond.eu\/de","logo":{"@type":"ImageObject","inLanguage":"de","@id":"https:\/\/old.europediamond.eu\/de#\/schema\/logo\/image\/","url":"https:\/\/old.europediamond.eu\/wp-content\/uploads\/2024\/05\/logo-white.svg","contentUrl":"https:\/\/old.europediamond.eu\/wp-content\/uploads\/2024\/05\/logo-white.svg","width":1,"height":1,"caption":"Europe Diamond B.V."},"image":{"@id":"https:\/\/old.europediamond.eu\/de#\/schema\/logo\/image\/"},"sameAs":["https:\/\/www.facebook.com\/old.europediamond.eu","https:\/\/www.instagram.com\/europediamond\/"]}]}},"_links":{"self":[{"href":"https:\/\/old.europediamond.eu\/de\/wp-json\/wp\/v2\/product\/2168","targetHints":{"allow":["GET"]}}],"collection":[{"href":"https:\/\/old.europediamond.eu\/de\/wp-json\/wp\/v2\/product"}],"about":[{"href":"https:\/\/old.europediamond.eu\/de\/wp-json\/wp\/v2\/types\/product"}],"replies":[{"embeddable":true,"href":"https:\/\/old.europediamond.eu\/de\/wp-json\/wp\/v2\/comments?post=2168"}],"wp:featuredmedia":[{"embeddable":true,"href":"https:\/\/old.europediamond.eu\/de\/wp-json\/wp\/v2\/media\/2097"}],"wp:attachment":[{"href":"https:\/\/old.europediamond.eu\/de\/wp-json\/wp\/v2\/media?parent=2168"}],"wp:term":[{"taxonomy":"product_brand","embeddable":true,"href":"https:\/\/old.europediamond.eu\/de\/wp-json\/wp\/v2\/product_brand?post=2168"},{"taxonomy":"product_cat","embeddable":true,"href":"https:\/\/old.europediamond.eu\/de\/wp-json\/wp\/v2\/product_cat?post=2168"},{"taxonomy":"product_tag","embeddable":true,"href":"https:\/\/old.europediamond.eu\/de\/wp-json\/wp\/v2\/product_tag?post=2168"}],"curies":[{"name":"wp","href":"https:\/\/api.w.org\/{rel}","templated":true}]}}