{"id":2156,"date":"2024-06-27T11:52:57","date_gmt":"2024-06-27T09:52:57","guid":{"rendered":"https:\/\/old.europediamond.eu\/?post_type=product&#038;p=2156"},"modified":"2024-08-02T13:25:41","modified_gmt":"2024-08-02T11:25:41","slug":"allround-sandzement","status":"publish","type":"product","link":"https:\/\/old.europediamond.eu\/de\/produkte\/allround-sandzement","title":{"rendered":"Allround-Sandzement"},"content":{"rendered":"<p><span style=\"font-weight: 400;\">Unser Fr\u00e4sblatt wurde f\u00fcr das Pr\u00e4zisionsfr\u00e4sen von Zementestrichen entwickelt und bietet un\u00fcbertroffene Leistung f\u00fcr Fu\u00dfbodenheizungsinstallationen. Mit ihrem scharfen und langlebigen Design ist diese Klinge perfekt zum Fr\u00e4sen von pr\u00e4zisen Schlitzen f\u00fcr die Installation von eingefr\u00e4sten Fu\u00dfbodenheizungen geeignet. Die hochwertig zusammengestellten Segmente sorgen f\u00fcr einen optimalen Fr\u00e4skomfort und damit auch f\u00fcr eine hohe Leistung. Egal, ob Sie als Profi an gro\u00dfen Projekten arbeiten oder als Heimwerker Ihre eigene Fu\u00dfbodenheizung verlegen, unser Messer garantiert ein reibungsloses und pr\u00e4zises Arbeiten, um einen perfekten Untergrund f\u00fcr Ihre Fu\u00dfbodenheizung zu schaffen.<\/span><\/p>\n","protected":false},"excerpt":{"rendered":"<p><span style=\"font-weight: 400;\">Zum Fr\u00e4sen von weichen bis harten Sand-Zement-B\u00f6den<\/span><\/p>\n","protected":false},"featured_media":2042,"comment_status":"closed","ping_status":"closed","template":"","meta":{"_acf_changed":false},"product_brand":[],"product_cat":[116],"product_tag":[],"class_list":{"0":"post-2156","1":"product","2":"type-product","3":"status-publish","4":"has-post-thumbnail","6":"product_cat-frezen-de","8":"first","9":"instock","10":"taxable","11":"shipping-taxable","12":"purchasable","13":"product-type-variable","14":"has-default-attributes"},"acf":[],"yoast_head":"<!-- This site is optimized with the Yoast SEO plugin v27.3 - https:\/\/yoast.com\/product\/yoast-seo-wordpress\/ -->\n<title>Allround-Sandzement - Europe Diamond B.V.<\/title>\n<meta name=\"robots\" content=\"noindex, follow, max-snippet:-1, max-image-preview:large, max-video-preview:-1\" \/>\n<meta property=\"og:locale\" content=\"de_DE\" \/>\n<meta property=\"og:type\" content=\"article\" \/>\n<meta property=\"og:title\" content=\"Allround-Sandzement - Europe Diamond B.V.\" \/>\n<meta property=\"og:description\" content=\"Zum Fr\u00e4sen von weichen bis harten Sand-Zement-B\u00f6den\" \/>\n<meta property=\"og:url\" content=\"https:\/\/old.europediamond.eu\/de\/produkte\/allround-sandzement\" \/>\n<meta property=\"og:site_name\" content=\"Europe Diamond B.V.\" \/>\n<meta property=\"article:publisher\" content=\"https:\/\/www.facebook.com\/old.europediamond.eu\" \/>\n<meta property=\"article:modified_time\" content=\"2024-08-02T11:25:41+00:00\" \/>\n<meta property=\"og:image\" content=\"https:\/\/europediamond.eu\/wp-content\/uploads\/2024\/06\/Website-Geel-1-3.png\" \/>\n\t<meta property=\"og:image:width\" content=\"870\" \/>\n\t<meta property=\"og:image:height\" content=\"873\" \/>\n\t<meta property=\"og:image:type\" content=\"image\/png\" \/>\n<meta name=\"twitter:card\" content=\"summary_large_image\" \/>\n<meta name=\"twitter:label1\" content=\"Gesch\u00e4tzte Lesezeit\" \/>\n\t<meta name=\"twitter:data1\" content=\"1\u00a0Minute\" \/>\n<script type=\"application\/ld+json\" class=\"yoast-schema-graph\">{\"@context\":\"https:\\\/\\\/schema.org\",\"@graph\":[{\"@type\":\"WebPage\",\"@id\":\"https:\\\/\\\/old.europediamond.eu\\\/de\\\/produkte\\\/allround-sandzement\",\"url\":\"https:\\\/\\\/old.europediamond.eu\\\/de\\\/produkte\\\/allround-sandzement\",\"name\":\"Allround-Sandzement - Europe Diamond B.V.\",\"isPartOf\":{\"@id\":\"https:\\\/\\\/old.europediamond.eu\\\/de#website\"},\"primaryImageOfPage\":{\"@id\":\"https:\\\/\\\/old.europediamond.eu\\\/de\\\/produkte\\\/allround-sandzement#primaryimage\"},\"image\":{\"@id\":\"https:\\\/\\\/old.europediamond.eu\\\/de\\\/produkte\\\/allround-sandzement#primaryimage\"},\"thumbnailUrl\":\"https:\\\/\\\/old.europediamond.eu\\\/wp-content\\\/uploads\\\/2024\\\/06\\\/Website-Geel-1-3.png\",\"datePublished\":\"2024-06-27T09:52:57+00:00\",\"dateModified\":\"2024-08-02T11:25:41+00:00\",\"breadcrumb\":{\"@id\":\"https:\\\/\\\/old.europediamond.eu\\\/de\\\/produkte\\\/allround-sandzement#breadcrumb\"},\"inLanguage\":\"de\",\"potentialAction\":[{\"@type\":\"ReadAction\",\"target\":[\"https:\\\/\\\/old.europediamond.eu\\\/de\\\/produkte\\\/allround-sandzement\"]}]},{\"@type\":\"ImageObject\",\"inLanguage\":\"de\",\"@id\":\"https:\\\/\\\/old.europediamond.eu\\\/de\\\/produkte\\\/allround-sandzement#primaryimage\",\"url\":\"https:\\\/\\\/old.europediamond.eu\\\/wp-content\\\/uploads\\\/2024\\\/06\\\/Website-Geel-1-3.png\",\"contentUrl\":\"https:\\\/\\\/old.europediamond.eu\\\/wp-content\\\/uploads\\\/2024\\\/06\\\/Website-Geel-1-3.png\",\"width\":870,\"height\":873},{\"@type\":\"BreadcrumbList\",\"@id\":\"https:\\\/\\\/old.europediamond.eu\\\/de\\\/produkte\\\/allround-sandzement#breadcrumb\",\"itemListElement\":[{\"@type\":\"ListItem\",\"position\":1,\"name\":\"Home\",\"item\":\"https:\\\/\\\/europediamond.eu\\\/\"},{\"@type\":\"ListItem\",\"position\":2,\"name\":\"Produkte\",\"item\":\"https:\\\/\\\/europediamond.eu\\\/produkte\"},{\"@type\":\"ListItem\",\"position\":3,\"name\":\"Allround-Sandzement\"}]},{\"@type\":\"WebSite\",\"@id\":\"https:\\\/\\\/old.europediamond.eu\\\/de#website\",\"url\":\"https:\\\/\\\/old.europediamond.eu\\\/de\",\"name\":\"Europe Diamond B.V.\",\"description\":\"\",\"publisher\":{\"@id\":\"https:\\\/\\\/old.europediamond.eu\\\/de#organization\"},\"potentialAction\":[{\"@type\":\"SearchAction\",\"target\":{\"@type\":\"EntryPoint\",\"urlTemplate\":\"https:\\\/\\\/old.europediamond.eu\\\/de?s={search_term_string}\"},\"query-input\":{\"@type\":\"PropertyValueSpecification\",\"valueRequired\":true,\"valueName\":\"search_term_string\"}}],\"inLanguage\":\"de\"},{\"@type\":\"Organization\",\"@id\":\"https:\\\/\\\/old.europediamond.eu\\\/de#organization\",\"name\":\"Europe Diamond B.V.\",\"url\":\"https:\\\/\\\/old.europediamond.eu\\\/de\",\"logo\":{\"@type\":\"ImageObject\",\"inLanguage\":\"de\",\"@id\":\"https:\\\/\\\/old.europediamond.eu\\\/de#\\\/schema\\\/logo\\\/image\\\/\",\"url\":\"https:\\\/\\\/old.europediamond.eu\\\/wp-content\\\/uploads\\\/2024\\\/05\\\/logo-white.svg\",\"contentUrl\":\"https:\\\/\\\/old.europediamond.eu\\\/wp-content\\\/uploads\\\/2024\\\/05\\\/logo-white.svg\",\"width\":1,\"height\":1,\"caption\":\"Europe Diamond B.V.\"},\"image\":{\"@id\":\"https:\\\/\\\/old.europediamond.eu\\\/de#\\\/schema\\\/logo\\\/image\\\/\"},\"sameAs\":[\"https:\\\/\\\/www.facebook.com\\\/old.europediamond.eu\",\"https:\\\/\\\/www.instagram.com\\\/europediamond\\\/\"]}]}<\/script>\n<!-- \/ Yoast SEO plugin. -->","yoast_head_json":{"title":"Allround-Sandzement - Europe Diamond B.V.","robots":{"index":"noindex","follow":"follow","max-snippet":"max-snippet:-1","max-image-preview":"max-image-preview:large","max-video-preview":"max-video-preview:-1"},"og_locale":"de_DE","og_type":"article","og_title":"Allround-Sandzement - Europe Diamond B.V.","og_description":"Zum Fr\u00e4sen von weichen bis harten Sand-Zement-B\u00f6den","og_url":"https:\/\/old.europediamond.eu\/de\/produkte\/allround-sandzement","og_site_name":"Europe Diamond B.V.","article_publisher":"https:\/\/www.facebook.com\/old.europediamond.eu","article_modified_time":"2024-08-02T11:25:41+00:00","og_image":[{"width":870,"height":873,"url":"https:\/\/europediamond.eu\/wp-content\/uploads\/2024\/06\/Website-Geel-1-3.png","type":"image\/png"}],"twitter_card":"summary_large_image","twitter_misc":{"Gesch\u00e4tzte Lesezeit":"1\u00a0Minute"},"schema":{"@context":"https:\/\/schema.org","@graph":[{"@type":"WebPage","@id":"https:\/\/old.europediamond.eu\/de\/produkte\/allround-sandzement","url":"https:\/\/old.europediamond.eu\/de\/produkte\/allround-sandzement","name":"Allround-Sandzement - Europe Diamond B.V.","isPartOf":{"@id":"https:\/\/old.europediamond.eu\/de#website"},"primaryImageOfPage":{"@id":"https:\/\/old.europediamond.eu\/de\/produkte\/allround-sandzement#primaryimage"},"image":{"@id":"https:\/\/old.europediamond.eu\/de\/produkte\/allround-sandzement#primaryimage"},"thumbnailUrl":"https:\/\/old.europediamond.eu\/wp-content\/uploads\/2024\/06\/Website-Geel-1-3.png","datePublished":"2024-06-27T09:52:57+00:00","dateModified":"2024-08-02T11:25:41+00:00","breadcrumb":{"@id":"https:\/\/old.europediamond.eu\/de\/produkte\/allround-sandzement#breadcrumb"},"inLanguage":"de","potentialAction":[{"@type":"ReadAction","target":["https:\/\/old.europediamond.eu\/de\/produkte\/allround-sandzement"]}]},{"@type":"ImageObject","inLanguage":"de","@id":"https:\/\/old.europediamond.eu\/de\/produkte\/allround-sandzement#primaryimage","url":"https:\/\/old.europediamond.eu\/wp-content\/uploads\/2024\/06\/Website-Geel-1-3.png","contentUrl":"https:\/\/old.europediamond.eu\/wp-content\/uploads\/2024\/06\/Website-Geel-1-3.png","width":870,"height":873},{"@type":"BreadcrumbList","@id":"https:\/\/old.europediamond.eu\/de\/produkte\/allround-sandzement#breadcrumb","itemListElement":[{"@type":"ListItem","position":1,"name":"Home","item":"https:\/\/europediamond.eu\/"},{"@type":"ListItem","position":2,"name":"Produkte","item":"https:\/\/europediamond.eu\/produkte"},{"@type":"ListItem","position":3,"name":"Allround-Sandzement"}]},{"@type":"WebSite","@id":"https:\/\/old.europediamond.eu\/de#website","url":"https:\/\/old.europediamond.eu\/de","name":"Europe Diamond B.V.","description":"","publisher":{"@id":"https:\/\/old.europediamond.eu\/de#organization"},"potentialAction":[{"@type":"SearchAction","target":{"@type":"EntryPoint","urlTemplate":"https:\/\/old.europediamond.eu\/de?s={search_term_string}"},"query-input":{"@type":"PropertyValueSpecification","valueRequired":true,"valueName":"search_term_string"}}],"inLanguage":"de"},{"@type":"Organization","@id":"https:\/\/old.europediamond.eu\/de#organization","name":"Europe Diamond B.V.","url":"https:\/\/old.europediamond.eu\/de","logo":{"@type":"ImageObject","inLanguage":"de","@id":"https:\/\/old.europediamond.eu\/de#\/schema\/logo\/image\/","url":"https:\/\/old.europediamond.eu\/wp-content\/uploads\/2024\/05\/logo-white.svg","contentUrl":"https:\/\/old.europediamond.eu\/wp-content\/uploads\/2024\/05\/logo-white.svg","width":1,"height":1,"caption":"Europe Diamond B.V."},"image":{"@id":"https:\/\/old.europediamond.eu\/de#\/schema\/logo\/image\/"},"sameAs":["https:\/\/www.facebook.com\/old.europediamond.eu","https:\/\/www.instagram.com\/europediamond\/"]}]}},"_links":{"self":[{"href":"https:\/\/old.europediamond.eu\/de\/wp-json\/wp\/v2\/product\/2156","targetHints":{"allow":["GET"]}}],"collection":[{"href":"https:\/\/old.europediamond.eu\/de\/wp-json\/wp\/v2\/product"}],"about":[{"href":"https:\/\/old.europediamond.eu\/de\/wp-json\/wp\/v2\/types\/product"}],"replies":[{"embeddable":true,"href":"https:\/\/old.europediamond.eu\/de\/wp-json\/wp\/v2\/comments?post=2156"}],"wp:featuredmedia":[{"embeddable":true,"href":"https:\/\/old.europediamond.eu\/de\/wp-json\/wp\/v2\/media\/2042"}],"wp:attachment":[{"href":"https:\/\/old.europediamond.eu\/de\/wp-json\/wp\/v2\/media?parent=2156"}],"wp:term":[{"taxonomy":"product_brand","embeddable":true,"href":"https:\/\/old.europediamond.eu\/de\/wp-json\/wp\/v2\/product_brand?post=2156"},{"taxonomy":"product_cat","embeddable":true,"href":"https:\/\/old.europediamond.eu\/de\/wp-json\/wp\/v2\/product_cat?post=2156"},{"taxonomy":"product_tag","embeddable":true,"href":"https:\/\/old.europediamond.eu\/de\/wp-json\/wp\/v2\/product_tag?post=2156"}],"curies":[{"name":"wp","href":"https:\/\/api.w.org\/{rel}","templated":true}]}}