{"id":2243,"date":"2023-02-16T15:14:19","date_gmt":"2023-02-16T13:14:19","guid":{"rendered":"https:\/\/old.europediamond.eu\/privacy-beleid"},"modified":"2024-08-08T08:20:05","modified_gmt":"2024-08-08T06:20:05","slug":"datenschutzrichtlinie","status":"publish","type":"page","link":"https:\/\/old.europediamond.eu\/de\/datenschutzrichtlinie","title":{"rendered":"Datenschutzrichtlinie"},"content":{"rendered":"<section class=\"wpb-header wpb-header--subpage wpb-wst--large wpb-wsb--large wpb-bg-clr--transparent has-background-image\">\n\n    <div class=\"container  container--standard\">\n\n        \n            <div class=\"wpb-text\">\n                <h1 id=\"tw-target-text\" class=\"tw-data-text tw-text-large tw-ta\" dir=\"ltr\" data-placeholder=\"Vertaling\" aria-label=\"Vertaalde tekst\" data-ved=\"2ahUKEwiUjMz98tWHAxVQgP0HHfxeA6wQ3ewLegQIEhAU\"><span class=\"Y2IQFc\" lang=\"de\">Datenschutzrichtlinie<\/span><\/h1>\n\n                \n            <\/div>\n        \n    <\/div>\n\n            <figure class=\"is-background-image\">\n            <img decoding=\"async\" width=\"1440\" height=\"1920\" src=\"https:\/\/old.europediamond.eu\/wp-content\/uploads\/2024\/06\/WhatsApp-Image-2024-06-28-at-10.21.00-2.jpeg\" class=\"attachment-full size-full\" alt=\"\" srcset=\"https:\/\/old.europediamond.eu\/wp-content\/uploads\/2024\/06\/WhatsApp-Image-2024-06-28-at-10.21.00-2.jpeg 1440w, https:\/\/old.europediamond.eu\/wp-content\/uploads\/2024\/06\/WhatsApp-Image-2024-06-28-at-10.21.00-2-225x300.jpeg 225w, https:\/\/old.europediamond.eu\/wp-content\/uploads\/2024\/06\/WhatsApp-Image-2024-06-28-at-10.21.00-2-768x1024.jpeg 768w, https:\/\/old.europediamond.eu\/wp-content\/uploads\/2024\/06\/WhatsApp-Image-2024-06-28-at-10.21.00-2-1152x1536.jpeg 1152w, https:\/\/old.europediamond.eu\/wp-content\/uploads\/2024\/06\/WhatsApp-Image-2024-06-28-at-10.21.00-2-600x800.jpeg 600w\" sizes=\"(max-width: 1440px) 100vw, 1440px\" \/>        <\/figure>\n    \n<\/section>\n    <section class=\"wpb-usps\">\n        <div class=\"container\">\n                            <div class=\"wpb-usp\">\n                    <img decoding=\"async\" src=\"\/wp-content\/themes\/wux\/assets\/icons\/icon-check.svg\" alt=\"Icon check\">\n                    Sorgf\u00e4ltige Entwicklung des richtigen Fr\u00e4sers f\u00fcr jeden Bodentyp                <\/div>\n                            <div class=\"wpb-usp\">\n                    <img decoding=\"async\" src=\"\/wp-content\/themes\/wux\/assets\/icons\/icon-check.svg\" alt=\"Icon check\">\n                    Private Label-Produktion? \u00dcberhaupt kein Problem                <\/div>\n                            <div class=\"wpb-usp\">\n                    <img decoding=\"async\" src=\"\/wp-content\/themes\/wux\/assets\/icons\/icon-check.svg\" alt=\"Icon check\">\n                    Europas Lieferant Nr. 1!                <\/div>\n                    <\/div>\n    <\/section><section class=\"wpb-block wpb-block--text wpb-wst--large wpb-wsb--large wpb-bg-clr--transparent\">\n    <div class=\"container  container--standard\">\n                    <div class=\"wpb-text wpb-text--wide\">\n                <p>Europe Diamond B.V., Gildekamp 13, Cuijk, ist verantwortlich f\u00fcr die Verarbeitung personenbezogener Daten, wie in dieser Datenschutzerkl\u00e4rung beschrieben.<\/p>\n<p><strong>Kontaktinformationen:<\/strong><\/p>\n<p>https:\/\/old.europediamond.eu\/de<br \/>\nGildekamp 13, Cuijk<\/p>\n<p><strong>Pers\u00f6nliche Daten, die wir verarbeiten<\/strong><\/p>\n<p>Europe Diamond B.V. verarbeitet keine personenbezogenen Daten, da auf unserer Website keine personenbezogenen Daten hinterlassen werden k\u00f6nnen. Wir verwenden auch keine Social Media Plugins.<\/p>\n<p><strong>Besondere und\/oder sensible pers\u00f6nliche Daten, die wir verarbeiten<\/strong><\/p>\n<p>Unsere Website und\/oder unser Dienst beabsichtigt nicht, Daten von Website-Besuchern zu sammeln, die unter 16 Jahre alt sind. Es sei denn, sie haben die Erlaubnis ihrer Eltern oder Erziehungsberechtigten. Wir k\u00f6nnen jedoch nicht \u00fcberpr\u00fcfen, ob ein Besucher \u00e4lter als 16 Jahre ist. Wir raten daher den Eltern, sich mit den Online-Aktivit\u00e4ten ihrer Kinder zu befassen, um zu vermeiden, dass ohne elterliche Zustimmung Daten \u00fcber Kinder gesammelt werden. Wenn Sie davon \u00fcberzeugt sind, dass wir personenbezogene Daten \u00fcber einen Minderj\u00e4hrigen ohne eine solche Zustimmung gesammelt haben, kontaktieren Sie uns bitte unter {{SITE_EMAIL}} und wir werden diese Informationen l\u00f6schen.<\/p>\n<p><strong>Zu welchem Zweck und auf welcher Grundlage wir personenbezogene Daten verarbeiten<\/strong><\/p>\n<p>Europe Diamond B.V. verarbeitet Ihre personenbezogenen Daten f\u00fcr die folgenden Zwecke:<\/p>\n<p>Um Sie \u00fcber \u00c4nderungen an unseren Dienstleistungen und Produkten zu informieren.<br \/>\nEurope Diamond B.V. analysiert Ihr Verhalten auf der Website, um die Website zu verbessern und das Angebot an Produkten und Dienstleistungen auf Ihre Pr\u00e4ferenzen abzustimmen.<br \/>\nEurope Diamond B.V. verfolgt Ihr Surfverhalten auf verschiedenen Websites, um unsere Produkte und Dienstleistungen auf Ihre Bed\u00fcrfnisse zuzuschneiden.<br \/>\nEurope Diamond B.V. verarbeitet auch personenbezogene Daten, wenn wir gesetzlich dazu verpflichtet sind, wie z. B. Daten, die wir f\u00fcr unsere Steuererkl\u00e4rung ben\u00f6tigen.<\/p>\n<p><strong>Automatisierte Entscheidungsfindung<\/strong><\/p>\n<p>Europe Diamond B.V. trifft keine Entscheidungen \u00fcber Dinge, die Einzelpersonen (erheblich) beeintr\u00e4chtigen k\u00f6nnten, auf der Grundlage einer automatisierten Verarbeitung. Dies sind Entscheidungen, die von Computerprogrammen oder -systemen getroffen werden, ohne dass eine Person (z.B. ein Mitarbeiter von Europe Diamond B.V.) daran beteiligt ist.<\/p>\n<p><strong>Wie lange wir pers\u00f6nliche Daten aufbewahren<\/strong><\/p>\n<p>Europe Diamond B.V. bewahrt Ihre pers\u00f6nlichen Daten nicht l\u00e4nger auf, als es unbedingt notwendig ist, um die Zwecke zu erf\u00fcllen, f\u00fcr die Ihre Daten erhoben wurden. Wir verwenden die folgenden Aufbewahrungsfristen f\u00fcr die folgenden personenbezogenen Daten: 7 Jahre<\/p>\n<p><strong>Weitergabe personenbezogener Daten an Dritte<\/strong><\/p>\n<p>Europe Diamond B.V. verkauft Ihre Daten nicht an Dritte und gibt sie nur weiter, wenn dies f\u00fcr die Erf\u00fcllung unserer Vereinbarung mit Ihnen oder zur Erf\u00fcllung einer gesetzlichen Verpflichtung erforderlich ist. Mit Unternehmen, die Ihre Daten in unserem Auftrag verarbeiten, schlie\u00dfen wir einen Auftragsverarbeitungsvertrag ab, um das gleiche Ma\u00df an Sicherheit und Vertraulichkeit Ihrer Daten zu gew\u00e4hrleisten. Europe Diamond B.V. bleibt f\u00fcr diese Verarbeitung verantwortlich.<\/p>\n<p><strong>Cookies, oder \u00e4hnliche Techniken, die wir verwenden<\/strong><\/p>\n<p>Europe Diamond B.V. verwendet nur technische und funktionelle Cookies. Und analytische Cookies, die nicht in Ihre Privatsph\u00e4re eindringen. Ein Cookie ist eine kleine Textdatei, die auf Ihrem Computer, Tablet oder Smartphone gespeichert wird, wenn Sie diese Website zum ersten Mal besuchen. Die von uns verwendeten Cookies sind f\u00fcr den technischen Betrieb der Website und Ihre Benutzerfreundlichkeit notwendig. Sie sorgen daf\u00fcr, dass die Website ordnungsgem\u00e4\u00df funktioniert und merken sich zum Beispiel Ihre Pr\u00e4ferenzen. Sie erm\u00f6glichen es uns auch, unsere Website zu optimieren. Sie k\u00f6nnen Cookies ablehnen, indem Sie Ihren Internet-Browser so konfigurieren, dass er keine Cookies mehr speichert. Sie k\u00f6nnen auch alle zuvor gespeicherten Informationen \u00fcber Ihre Browsereinstellungen l\u00f6schen.<\/p>\n<p><strong>Einsichtnahme, Berichtigung oder L\u00f6schung von Daten<\/strong><\/p>\n<p>Sie haben das Recht, Ihre personenbezogenen Daten einzusehen, zu berichtigen oder zu l\u00f6schen. Dar\u00fcber hinaus haben Sie das Recht, Ihre eventuelle Zustimmung zur Datenverarbeitung zur\u00fcckzuziehen oder der Verarbeitung Ihrer personenbezogenen Daten durch Europe Diamond B.V. zu widersprechen, und Sie haben das Recht auf Daten\u00fcbertragbarkeit. Dies bedeutet, dass Sie bei uns beantragen k\u00f6nnen, dass die personenbezogenen Daten, die wir \u00fcber Sie in einer Computerdatei gespeichert haben, an Sie oder eine andere von Ihnen benannte Organisation \u00fcbermittelt werden. Sie k\u00f6nnen einen Antrag auf Einsicht, Berichtigung, L\u00f6schung oder \u00dcbertragung Ihrer personenbezogenen Daten oder einen Antrag auf Widerruf Ihrer Einwilligung oder Widerspruch gegen die Verarbeitung Ihrer personenbezogenen Daten an {{SITE_EMAIL}} senden. Um sicherzustellen, dass der Antrag auf Einsichtnahme von Ihnen gestellt wird, bitten wir Sie, dem Antrag eine Kopie Ihres Identit\u00e4tsnachweises beizuf\u00fcgen. Schw\u00e4rzen Sie in dieser Kopie Ihr Passfoto, die MRZ (maschinenlesbare Zone, der Zahlenstreifen am unteren Rand des Passes), die Passnummer und die B\u00fcrgerservicenummer (BSN). Dies dient dem Schutz Ihrer Privatsph\u00e4re. Wir werden Ihre Anfrage so schnell wie m\u00f6glich, jedoch innerhalb von vier Wochen beantworten. Europe Diamond B.V. m\u00f6chte Sie auch darauf hinweisen, dass Sie die M\u00f6glichkeit haben, eine Beschwerde bei der nationalen Datenschutzbeh\u00f6rde einzureichen.<\/p>\n            <\/div>\n        \n        \n        \n            <\/div>\n\n    <\/section>","protected":false},"excerpt":{"rendered":"","protected":false},"author":1,"featured_media":0,"parent":0,"menu_order":0,"comment_status":"closed","ping_status":"closed","template":"","meta":{"_acf_changed":false,"footnotes":""},"class_list":["post-2243","page","type-page","status-publish","hentry"],"acf":[],"yoast_head":"<!-- This site is optimized with the Yoast SEO plugin v27.3 - https:\/\/yoast.com\/product\/yoast-seo-wordpress\/ -->\n<title>Datenschutzrichtlinie - Europe Diamond B.V.<\/title>\n<meta name=\"description\" content=\"Lees hier meer over Datenschutzrichtlinie | Europe Diamond B.V.\" \/>\n<meta name=\"robots\" content=\"noindex, follow, max-snippet:-1, max-image-preview:large, max-video-preview:-1\" \/>\n<meta property=\"og:locale\" content=\"de_DE\" \/>\n<meta property=\"og:type\" content=\"article\" \/>\n<meta property=\"og:title\" content=\"Datenschutzrichtlinie - Europe Diamond B.V.\" \/>\n<meta property=\"og:description\" content=\"Lees hier meer over Datenschutzrichtlinie | Europe Diamond B.V.\" \/>\n<meta property=\"og:url\" content=\"https:\/\/old.europediamond.eu\/de\/datenschutzrichtlinie\" \/>\n<meta property=\"og:site_name\" content=\"Europe Diamond B.V.\" \/>\n<meta property=\"article:publisher\" content=\"https:\/\/www.facebook.com\/old.europediamond.eu\" \/>\n<meta property=\"article:modified_time\" content=\"2024-08-08T06:20:05+00:00\" \/>\n<meta name=\"twitter:card\" content=\"summary_large_image\" \/>\n<script type=\"application\/ld+json\" class=\"yoast-schema-graph\">{\"@context\":\"https:\\\/\\\/schema.org\",\"@graph\":[{\"@type\":\"WebPage\",\"@id\":\"https:\\\/\\\/old.europediamond.eu\\\/de\\\/datenschutzrichtlinie\",\"url\":\"https:\\\/\\\/old.europediamond.eu\\\/de\\\/datenschutzrichtlinie\",\"name\":\"Datenschutzrichtlinie - Europe Diamond B.V.\",\"isPartOf\":{\"@id\":\"https:\\\/\\\/old.europediamond.eu\\\/de#website\"},\"datePublished\":\"2023-02-16T13:14:19+00:00\",\"dateModified\":\"2024-08-08T06:20:05+00:00\",\"description\":\"Lees hier meer over Datenschutzrichtlinie | Europe Diamond B.V.\",\"breadcrumb\":{\"@id\":\"https:\\\/\\\/old.europediamond.eu\\\/de\\\/datenschutzrichtlinie#breadcrumb\"},\"inLanguage\":\"de\",\"potentialAction\":[{\"@type\":\"ReadAction\",\"target\":[\"https:\\\/\\\/old.europediamond.eu\\\/de\\\/datenschutzrichtlinie\"]}]},{\"@type\":\"BreadcrumbList\",\"@id\":\"https:\\\/\\\/old.europediamond.eu\\\/de\\\/datenschutzrichtlinie#breadcrumb\",\"itemListElement\":[{\"@type\":\"ListItem\",\"position\":1,\"name\":\"Home\",\"item\":\"https:\\\/\\\/europediamond.eu\\\/\"},{\"@type\":\"ListItem\",\"position\":2,\"name\":\"Datenschutzrichtlinie\"}]},{\"@type\":\"WebSite\",\"@id\":\"https:\\\/\\\/old.europediamond.eu\\\/de#website\",\"url\":\"https:\\\/\\\/old.europediamond.eu\\\/de\",\"name\":\"Europe Diamond B.V.\",\"description\":\"\",\"publisher\":{\"@id\":\"https:\\\/\\\/old.europediamond.eu\\\/de#organization\"},\"potentialAction\":[{\"@type\":\"SearchAction\",\"target\":{\"@type\":\"EntryPoint\",\"urlTemplate\":\"https:\\\/\\\/old.europediamond.eu\\\/de?s={search_term_string}\"},\"query-input\":{\"@type\":\"PropertyValueSpecification\",\"valueRequired\":true,\"valueName\":\"search_term_string\"}}],\"inLanguage\":\"de\"},{\"@type\":\"Organization\",\"@id\":\"https:\\\/\\\/old.europediamond.eu\\\/de#organization\",\"name\":\"Europe Diamond B.V.\",\"url\":\"https:\\\/\\\/old.europediamond.eu\\\/de\",\"logo\":{\"@type\":\"ImageObject\",\"inLanguage\":\"de\",\"@id\":\"https:\\\/\\\/old.europediamond.eu\\\/de#\\\/schema\\\/logo\\\/image\\\/\",\"url\":\"https:\\\/\\\/old.europediamond.eu\\\/wp-content\\\/uploads\\\/2024\\\/05\\\/logo-white.svg\",\"contentUrl\":\"https:\\\/\\\/old.europediamond.eu\\\/wp-content\\\/uploads\\\/2024\\\/05\\\/logo-white.svg\",\"width\":1,\"height\":1,\"caption\":\"Europe Diamond B.V.\"},\"image\":{\"@id\":\"https:\\\/\\\/old.europediamond.eu\\\/de#\\\/schema\\\/logo\\\/image\\\/\"},\"sameAs\":[\"https:\\\/\\\/www.facebook.com\\\/old.europediamond.eu\",\"https:\\\/\\\/www.instagram.com\\\/europediamond\\\/\"]}]}<\/script>\n<!-- \/ Yoast SEO plugin. -->","yoast_head_json":{"title":"Datenschutzrichtlinie - Europe Diamond B.V.","description":"Lees hier meer over Datenschutzrichtlinie | Europe Diamond B.V.","robots":{"index":"noindex","follow":"follow","max-snippet":"max-snippet:-1","max-image-preview":"max-image-preview:large","max-video-preview":"max-video-preview:-1"},"og_locale":"de_DE","og_type":"article","og_title":"Datenschutzrichtlinie - Europe Diamond B.V.","og_description":"Lees hier meer over Datenschutzrichtlinie | Europe Diamond B.V.","og_url":"https:\/\/old.europediamond.eu\/de\/datenschutzrichtlinie","og_site_name":"Europe Diamond B.V.","article_publisher":"https:\/\/www.facebook.com\/old.europediamond.eu","article_modified_time":"2024-08-08T06:20:05+00:00","twitter_card":"summary_large_image","schema":{"@context":"https:\/\/schema.org","@graph":[{"@type":"WebPage","@id":"https:\/\/old.europediamond.eu\/de\/datenschutzrichtlinie","url":"https:\/\/old.europediamond.eu\/de\/datenschutzrichtlinie","name":"Datenschutzrichtlinie - Europe Diamond B.V.","isPartOf":{"@id":"https:\/\/old.europediamond.eu\/de#website"},"datePublished":"2023-02-16T13:14:19+00:00","dateModified":"2024-08-08T06:20:05+00:00","description":"Lees hier meer over Datenschutzrichtlinie | Europe Diamond B.V.","breadcrumb":{"@id":"https:\/\/old.europediamond.eu\/de\/datenschutzrichtlinie#breadcrumb"},"inLanguage":"de","potentialAction":[{"@type":"ReadAction","target":["https:\/\/old.europediamond.eu\/de\/datenschutzrichtlinie"]}]},{"@type":"BreadcrumbList","@id":"https:\/\/old.europediamond.eu\/de\/datenschutzrichtlinie#breadcrumb","itemListElement":[{"@type":"ListItem","position":1,"name":"Home","item":"https:\/\/europediamond.eu\/"},{"@type":"ListItem","position":2,"name":"Datenschutzrichtlinie"}]},{"@type":"WebSite","@id":"https:\/\/old.europediamond.eu\/de#website","url":"https:\/\/old.europediamond.eu\/de","name":"Europe Diamond B.V.","description":"","publisher":{"@id":"https:\/\/old.europediamond.eu\/de#organization"},"potentialAction":[{"@type":"SearchAction","target":{"@type":"EntryPoint","urlTemplate":"https:\/\/old.europediamond.eu\/de?s={search_term_string}"},"query-input":{"@type":"PropertyValueSpecification","valueRequired":true,"valueName":"search_term_string"}}],"inLanguage":"de"},{"@type":"Organization","@id":"https:\/\/old.europediamond.eu\/de#organization","name":"Europe Diamond B.V.","url":"https:\/\/old.europediamond.eu\/de","logo":{"@type":"ImageObject","inLanguage":"de","@id":"https:\/\/old.europediamond.eu\/de#\/schema\/logo\/image\/","url":"https:\/\/old.europediamond.eu\/wp-content\/uploads\/2024\/05\/logo-white.svg","contentUrl":"https:\/\/old.europediamond.eu\/wp-content\/uploads\/2024\/05\/logo-white.svg","width":1,"height":1,"caption":"Europe Diamond B.V."},"image":{"@id":"https:\/\/old.europediamond.eu\/de#\/schema\/logo\/image\/"},"sameAs":["https:\/\/www.facebook.com\/old.europediamond.eu","https:\/\/www.instagram.com\/europediamond\/"]}]}},"_links":{"self":[{"href":"https:\/\/old.europediamond.eu\/de\/wp-json\/wp\/v2\/pages\/2243","targetHints":{"allow":["GET"]}}],"collection":[{"href":"https:\/\/old.europediamond.eu\/de\/wp-json\/wp\/v2\/pages"}],"about":[{"href":"https:\/\/old.europediamond.eu\/de\/wp-json\/wp\/v2\/types\/page"}],"author":[{"embeddable":true,"href":"https:\/\/old.europediamond.eu\/de\/wp-json\/wp\/v2\/users\/1"}],"replies":[{"embeddable":true,"href":"https:\/\/old.europediamond.eu\/de\/wp-json\/wp\/v2\/comments?post=2243"}],"version-history":[{"count":4,"href":"https:\/\/old.europediamond.eu\/de\/wp-json\/wp\/v2\/pages\/2243\/revisions"}],"predecessor-version":[{"id":2289,"href":"https:\/\/old.europediamond.eu\/de\/wp-json\/wp\/v2\/pages\/2243\/revisions\/2289"}],"wp:attachment":[{"href":"https:\/\/old.europediamond.eu\/de\/wp-json\/wp\/v2\/media?parent=2243"}],"curies":[{"name":"wp","href":"https:\/\/api.w.org\/{rel}","templated":true}]}}