{"id":1223,"date":"2024-05-24T10:13:04","date_gmt":"2024-05-24T08:13:04","guid":{"rendered":"https:\/\/old.europediamond.eu\/over-ons"},"modified":"2024-08-02T14:06:02","modified_gmt":"2024-08-02T12:06:02","slug":"uber-uns","status":"publish","type":"page","link":"https:\/\/old.europediamond.eu\/de\/uber-uns","title":{"rendered":"\u00dcber uns"},"content":{"rendered":"<section class=\"wpb-header wpb-header--subpage wpb-wst--large wpb-wsb--large wpb-bg-clr--transparent has-background-image\">\n\n    <div class=\"container  container--standard\">\n\n        \n            <div class=\"wpb-text\">\n                <h1>\u00dcber Europe Diamond<\/h1>\n<p><span style=\"font-weight: 400\">Willkommen bei Europe Diamond, Ihrem Spezialisten f\u00fcr hochwertige Fr\u00e4sscheiben, die h\u00f6chsten Anspr\u00fcchen an Pr\u00e4zision und Nachhaltigkeit gen\u00fcgen.<\/span><\/p>\n\n                \n            <\/div>\n        \n    <\/div>\n\n            <figure class=\"is-background-image\">\n            <img decoding=\"async\" width=\"1920\" height=\"1440\" src=\"https:\/\/old.europediamond.eu\/wp-content\/uploads\/2024\/06\/WhatsApp-Image-2024-06-28-at-10.20.59-6.jpeg\" class=\"attachment-full size-full\" alt=\"\" srcset=\"https:\/\/old.europediamond.eu\/wp-content\/uploads\/2024\/06\/WhatsApp-Image-2024-06-28-at-10.20.59-6.jpeg 1920w, https:\/\/old.europediamond.eu\/wp-content\/uploads\/2024\/06\/WhatsApp-Image-2024-06-28-at-10.20.59-6-300x225.jpeg 300w, https:\/\/old.europediamond.eu\/wp-content\/uploads\/2024\/06\/WhatsApp-Image-2024-06-28-at-10.20.59-6-1024x768.jpeg 1024w, https:\/\/old.europediamond.eu\/wp-content\/uploads\/2024\/06\/WhatsApp-Image-2024-06-28-at-10.20.59-6-768x576.jpeg 768w, https:\/\/old.europediamond.eu\/wp-content\/uploads\/2024\/06\/WhatsApp-Image-2024-06-28-at-10.20.59-6-1536x1152.jpeg 1536w, https:\/\/old.europediamond.eu\/wp-content\/uploads\/2024\/06\/WhatsApp-Image-2024-06-28-at-10.20.59-6-600x450.jpeg 600w\" sizes=\"(max-width: 1920px) 100vw, 1920px\" \/>        <\/figure>\n    \n<\/section>\n    <section class=\"wpb-usps\">\n        <div class=\"container\">\n                            <div class=\"wpb-usp\">\n                    <img decoding=\"async\" src=\"\/wp-content\/themes\/wux\/assets\/icons\/icon-check.svg\" alt=\"Icon check\">\n                    Sorgf\u00e4ltige Entwicklung des richtigen Fr\u00e4sers f\u00fcr jeden Bodentyp                <\/div>\n                            <div class=\"wpb-usp\">\n                    <img decoding=\"async\" src=\"\/wp-content\/themes\/wux\/assets\/icons\/icon-check.svg\" alt=\"Icon check\">\n                    Private Label-Produktion? \u00dcberhaupt kein Problem                <\/div>\n                            <div class=\"wpb-usp\">\n                    <img decoding=\"async\" src=\"\/wp-content\/themes\/wux\/assets\/icons\/icon-check.svg\" alt=\"Icon check\">\n                    Europas Lieferant Nr. 1!                <\/div>\n                    <\/div>\n    <\/section><section class=\"wpb-block wpb-block--text-media wpb-bg-clr--transparent\">\n    <div class=\"container  container--standard align-center content-widths--50-50 wpb-wst--large wpb-wsb--large\">\n\n                    <div class=\"wpb-text\">\n                <h2><b>Qualit\u00e4t f\u00fcr <em>echte<\/em> Profis<\/b><\/h2>\n<p><span style=\"font-weight: 400\">F\u00fcr echte Profis ist die Qualit\u00e4t ihrer Werkzeuge von gr\u00f6\u00dfter Bedeutung, und wir verstehen das nur zu gut. Unsere hochwertigen Fr\u00e4sscheiben sind so konzipiert, dass sie die anspruchsvollsten Standards erf\u00fcllen und gleichzeitig eine unvergleichliche Leistung erbringen. Jedes Detail, von der Materialauswahl bis hin zur Fertigungspr\u00e4zision, wurde sorgf\u00e4ltig durchdacht, um sicherzustellen, dass unsere Fr\u00e4sscheiben auch den anspruchsvollsten Anforderungen gerecht werden.<\/span><\/p>\n\n                                    <div class=\"btn-group\">\n                                <a href=\"\/produkte\" class=\"btn btn--primary btn--normal\">\n            Alle Produkte ansehen            <i class=\"wpb-icon wpb-icon--arrow-right-long\"><\/i>\n        <\/a>\n                            <\/div>\n                \n            <\/div>\n        \n                    <figure class=\"wpb-image wpb-align-left\">\n                <img decoding=\"async\" width=\"1920\" height=\"1440\" src=\"https:\/\/old.europediamond.eu\/wp-content\/uploads\/2024\/06\/f5d8962d-44fd-4d4b-b4f2-ca2fc270231a.jpg\" class=\"attachment-full size-full\" alt=\"\" srcset=\"https:\/\/old.europediamond.eu\/wp-content\/uploads\/2024\/06\/f5d8962d-44fd-4d4b-b4f2-ca2fc270231a.jpg 1920w, https:\/\/old.europediamond.eu\/wp-content\/uploads\/2024\/06\/f5d8962d-44fd-4d4b-b4f2-ca2fc270231a-300x225.jpg 300w, https:\/\/old.europediamond.eu\/wp-content\/uploads\/2024\/06\/f5d8962d-44fd-4d4b-b4f2-ca2fc270231a-1024x768.jpg 1024w, https:\/\/old.europediamond.eu\/wp-content\/uploads\/2024\/06\/f5d8962d-44fd-4d4b-b4f2-ca2fc270231a-768x576.jpg 768w, https:\/\/old.europediamond.eu\/wp-content\/uploads\/2024\/06\/f5d8962d-44fd-4d4b-b4f2-ca2fc270231a-1536x1152.jpg 1536w, https:\/\/old.europediamond.eu\/wp-content\/uploads\/2024\/06\/f5d8962d-44fd-4d4b-b4f2-ca2fc270231a-600x450.jpg 600w\" sizes=\"(max-width: 1920px) 100vw, 1920px\" \/>                            <\/figure>\n        \n    <\/div>\n\n    \n            <i class=\"wpb-icon wpb-icon--text-media-background\"><\/i>\n    \n    \n    \n    \n    \n<\/section><section class=\"wpb-block wpb-block--reviews wpb-wst--large wpb-bg-clr--transparent\">\n\n    <div class=\"wpb-section__header\">\n        <div class=\"container\">\n                            <div class=\"wpb-text\">\n                    <h2><b>Mehr als <em>300<\/em> zufriedene Kunden<\/b><\/h2>\n                <\/div>\n                    <\/div>\n    <\/div>\n\n    <div class=\"wpb-section__body has-background-image wpb-wsb--large\">\n        <div class=\"container\">\n    \n                            <div class=\"owl-carousel owl-carousel--review\">\n                    <div class=\"wpb-card wpb-card--review\">\n    <div class=\"wpb-card__body\">\n                    <div class=\"star-rating\">\n                                    <i class=\"wpb-icon wpb-icon--star\"><\/i>    \n                                    <i class=\"wpb-icon wpb-icon--star\"><\/i>    \n                                    <i class=\"wpb-icon wpb-icon--star\"><\/i>    \n                                    <i class=\"wpb-icon wpb-icon--star\"><\/i>    \n                                    <i class=\"wpb-icon wpb-icon--star\"><\/i>    \n                            <\/div>    \n                    <p class=\"review-description\">\n                Fu\u00dfbodenheizung einfr\u00e4sen mit den Scheiben von Europe Diamond funktioniert wirklich hervorragend.\r\nDie gelben Scheiben f\u00fcr einen normalen Zementestrich fr\u00e4sen perfekt und halten viele Meter und B\u00f6den aus. Die gelben sind auch meine Lieblingsscheiben. Die roten Scheiben f\u00fcr harte B\u00f6den, Betonb\u00f6den oder Fliesenb\u00f6den funktionieren ebenfalls super. Letztens habe ich 15 Gruppen Fliesen mit einer roten Scheibe gefr\u00e4st, also spart das Fr\u00e4sen mit der richtigen Scheibe im richtigen Boden viel Zeit und Geld. Die neueste gr\u00fcne Scheibe funktioniert auch wirklich sehr gut auf extrem harten Betonb\u00f6den mit Wasser.\r\n\r\nBestellungen werden auch schnell geliefert. Letztens hatte ich es eilig und Bjorn hat die Bestellung pers\u00f6nlich geliefert, damit ich den Auftrag rechtzeitig erledigen konnte.            <\/p>\n          \n        \n            <div class=\"wpb-person\">\n                                <div class=\"wpb-person__text\">\n                                        <strong>Naf<\/strong>\n                                                        <\/div>\n            <\/div>\n    <\/div>\n<\/div><div class=\"wpb-card wpb-card--review\">\n    <div class=\"wpb-card__body\">\n                    <div class=\"star-rating\">\n                                    <i class=\"wpb-icon wpb-icon--star\"><\/i>    \n                                    <i class=\"wpb-icon wpb-icon--star\"><\/i>    \n                                    <i class=\"wpb-icon wpb-icon--star\"><\/i>    \n                                    <i class=\"wpb-icon wpb-icon--star\"><\/i>    \n                                    <i class=\"wpb-icon wpb-icon--star\"><\/i>    \n                            <\/div>    \n                    <p class=\"review-description\">\n                Wir fr\u00e4sen nur noch mit den Fr\u00e4sern von Europe Diamond. Sie sind vielleicht etwas teurer in der Anschaffung, aber das holt man definitiv wieder raus, also spart man am Ende Geld. Au\u00dferdem ist der Service wirklich top. Braucht man dringend Scheiben, sind Bjorn oder die Jungs schon unterwegs. Super.            <\/p>\n          \n        \n            <div class=\"wpb-person\">\n                                <div class=\"wpb-person__text\">\n                                        <strong>Quincy<\/strong>\n                                                        <\/div>\n            <\/div>\n    <\/div>\n<\/div><div class=\"wpb-card wpb-card--review\">\n    <div class=\"wpb-card__body\">\n                    <div class=\"star-rating\">\n                                    <i class=\"wpb-icon wpb-icon--star\"><\/i>    \n                                    <i class=\"wpb-icon wpb-icon--star\"><\/i>    \n                                    <i class=\"wpb-icon wpb-icon--star\"><\/i>    \n                                    <i class=\"wpb-icon wpb-icon--star\"><\/i>    \n                                    <i class=\"wpb-icon wpb-icon--star\"><\/i>    \n                            <\/div>    \n                    <p class=\"review-description\">\n                Wir sind schon seit Jahren sehr zufrieden mit den Fr\u00e4sscheiben von Europe Diamond. Der Kontakt mit Bjorn ist auch super, wir fragen und er arrangiert es.            <\/p>\n          \n        \n            <div class=\"wpb-person\">\n                                <div class=\"wpb-person__text\">\n                                        <strong>Frank<\/strong>\n                                                        <\/div>\n            <\/div>\n    <\/div>\n<\/div>                <\/div>\n                    <\/div>\n\n                    <figure class=\"is-background-image\">\n                <img decoding=\"async\" width=\"1920\" height=\"1277\" src=\"https:\/\/old.europediamond.eu\/wp-content\/uploads\/2024\/05\/8f7d11b6cf840db8ddfb630db6b3401e.jpeg\" class=\"attachment-full size-full\" alt=\"\" srcset=\"https:\/\/old.europediamond.eu\/wp-content\/uploads\/2024\/05\/8f7d11b6cf840db8ddfb630db6b3401e.jpeg 1920w, https:\/\/old.europediamond.eu\/wp-content\/uploads\/2024\/05\/8f7d11b6cf840db8ddfb630db6b3401e-300x200.jpeg 300w, https:\/\/old.europediamond.eu\/wp-content\/uploads\/2024\/05\/8f7d11b6cf840db8ddfb630db6b3401e-1024x681.jpeg 1024w, https:\/\/old.europediamond.eu\/wp-content\/uploads\/2024\/05\/8f7d11b6cf840db8ddfb630db6b3401e-768x511.jpeg 768w, https:\/\/old.europediamond.eu\/wp-content\/uploads\/2024\/05\/8f7d11b6cf840db8ddfb630db6b3401e-1536x1022.jpeg 1536w, https:\/\/old.europediamond.eu\/wp-content\/uploads\/2024\/05\/8f7d11b6cf840db8ddfb630db6b3401e-600x399.jpeg 600w\" sizes=\"(max-width: 1920px) 100vw, 1920px\" \/>            <\/figure>\n        \n    <\/div>\n\n<\/section><section class=\"wpb-block wpb-block--text-media wpb-bg-clr--dark\">\n    <div class=\"container  container--standard align-center content-widths--60-40 wpb-wst--large wpb-wsb--large\">\n\n                    <div class=\"wpb-text\">\n                <h2><b>\u00dcber Europe Diamond<\/b><\/h2>\n<p><span style=\"font-weight: 400\">Mit einem breiten Sortiment an Diamantwerkzeugen beliefern wir t\u00e4glich zahlreiche Kunden in den BENELUX-Staaten und Deutschland mit allem, was sie f\u00fcr Fu\u00dfbodenheizungen ben\u00f6tigen. Ob Bohrer, Fr\u00e4ser oder S\u00e4gebl\u00e4tter, von unserem Lager in Cuijk aus liefern wir unsere Produkte just-in-time an unsere Kunden.<\/span><\/p>\n\n                                    <div class=\"btn-group\">\n                                <a href=\"\/kontakt\" class=\"btn btn--primary btn--normal\">\n            Kontakt aufnehmen            <i class=\"wpb-icon wpb-icon--arrow-right-long\"><\/i>\n        <\/a>\n                            <\/div>\n                \n            <\/div>\n        \n                    <figure class=\"wpb-image wpb-align-right\">\n                <img decoding=\"async\" width=\"512\" height=\"404\" src=\"https:\/\/old.europediamond.eu\/wp-content\/uploads\/2024\/06\/europediamond_building.jpg\" class=\"attachment-full size-full\" alt=\"\" srcset=\"https:\/\/old.europediamond.eu\/wp-content\/uploads\/2024\/06\/europediamond_building.jpg 512w, https:\/\/old.europediamond.eu\/wp-content\/uploads\/2024\/06\/europediamond_building-300x237.jpg 300w\" sizes=\"(max-width: 512px) 100vw, 512px\" \/>                                    <i class=\"wpb-icon wpb-icon--text-media\"><\/i>\n                            <\/figure>\n        \n    <\/div>\n\n    \n    \n            <i class=\"wpb-icon wpb-icon--text-media-background-dark\"><\/i>\n    \n    \n    \n    \n<\/section><section class=\"wpb-block wpb-block--text-media wpb-bg-clr--transparent\">\n    <div class=\"container  container--standard align-center content-widths--50-50 wpb-wst--large wpb-wsb--large\">\n\n                    <div class=\"wpb-text\">\n                <h2><strong>Stand<em>ort<\/em><\/strong><\/h2>\n<p><span style=\"font-weight: 400\">Europe Diamond hat seinen Sitz in Cuijk in den Niederlanden. Wir haben uns auf die Herstellung und den Vertrieb von hochwertigen Diamantwerkzeugen f\u00fcr verschiedene industrielle Anwendungen wie Bau und Renovierung spezialisiert. Unser Standort in Cuijk bietet strategische Vorteile, unter anderem eine zentrale Lage in Europa, die uns einen einfachen Zugang zu den lokalen und internationalen M\u00e4rkten erm\u00f6glicht. Wir zeichnen uns durch unseren innovativen Ansatz und unser Engagement f\u00fcr Qualit\u00e4t aus, was uns zu einem vertrauensw\u00fcrdigen Namen im Bereich der Diamantwerkzeuge macht.<\/span><\/p>\n\n                \n            <\/div>\n        \n                    <figure class=\"wpb-image wpb-align-left\">\n                <img decoding=\"async\" width=\"512\" height=\"404\" src=\"https:\/\/old.europediamond.eu\/wp-content\/uploads\/2024\/06\/europediamond_building.jpg\" class=\"attachment-full size-full\" alt=\"\" srcset=\"https:\/\/old.europediamond.eu\/wp-content\/uploads\/2024\/06\/europediamond_building.jpg 512w, https:\/\/old.europediamond.eu\/wp-content\/uploads\/2024\/06\/europediamond_building-300x237.jpg 300w\" sizes=\"(max-width: 512px) 100vw, 512px\" \/>                            <\/figure>\n        \n    <\/div>\n\n    \n            <i class=\"wpb-icon wpb-icon--text-media-background\"><\/i>\n    \n    \n    \n    \n    \n<\/section><section class=\"wpb-block wpb-block--cta wpb-wst--large wpb-wsb--large\">\n    \n        <div class=\"container container--small\">\n\n            <div class=\"wpb-card wpb-card--cta wpb-bg-clr--primary\">\n                <div class=\"wpb-card__body\">\n                    <h3>Brauchen Sie einen Rat?<\/h3>\n<p>Sie sind sich nicht sicher, welche Fr\u00e4ser f\u00fcr Ihre Projekte geeignet sind? Europe Diamond ber\u00e4t Sie gerne bei der Wahl des richtigen Fr\u00e4stypes f\u00fcr den richtigen Boden!<\/p>\n                                            <a href=\"\/kontakt\" class=\"btn btn--white\">\n                            Kontakt aufnehmen                            <i class=\"wpb-icon wpb-icon--arrow-right-long\"><\/i>\n                        <\/a>\n                                    <\/div>\n                <div class=\"wpb-card__header\">\n                    <img decoding=\"async\" width=\"497\" height=\"597\" src=\"https:\/\/old.europediamond.eu\/wp-content\/uploads\/2024\/07\/bjorn.png\" class=\"attachment-full size-full\" alt=\"\" srcset=\"https:\/\/old.europediamond.eu\/wp-content\/uploads\/2024\/07\/bjorn.png 497w, https:\/\/old.europediamond.eu\/wp-content\/uploads\/2024\/07\/bjorn-250x300.png 250w\" sizes=\"(max-width: 497px) 100vw, 497px\" \/>                <\/div>\n                <div class=\"wpb-card__bg\">\n                    <i class=\"wpb-icon wpb-icon--europe-diamond-icon\"><\/i>\n                <\/div>\n            <\/div>\n            \n        <\/div>\n\n    \n            <figure class=\"is-background-image has-background-image\">\n            <img decoding=\"async\" width=\"1920\" height=\"1280\" src=\"https:\/\/old.europediamond.eu\/wp-content\/uploads\/2024\/05\/header.jpg\" class=\"wpb-img\" alt=\"\" srcset=\"https:\/\/old.europediamond.eu\/wp-content\/uploads\/2024\/05\/header.jpg 1920w, https:\/\/old.europediamond.eu\/wp-content\/uploads\/2024\/05\/header-300x200.jpg 300w, https:\/\/old.europediamond.eu\/wp-content\/uploads\/2024\/05\/header-1024x683.jpg 1024w, https:\/\/old.europediamond.eu\/wp-content\/uploads\/2024\/05\/header-768x512.jpg 768w, https:\/\/old.europediamond.eu\/wp-content\/uploads\/2024\/05\/header-1536x1024.jpg 1536w, https:\/\/old.europediamond.eu\/wp-content\/uploads\/2024\/05\/header-600x400.jpg 600w\" sizes=\"(max-width: 1920px) 100vw, 1920px\" \/>        <\/figure>\n    \n<\/section>","protected":false},"excerpt":{"rendered":"","protected":false},"author":1,"featured_media":0,"parent":0,"menu_order":0,"comment_status":"closed","ping_status":"closed","template":"","meta":{"_acf_changed":false,"footnotes":""},"class_list":["post-1223","page","type-page","status-publish","hentry"],"acf":[],"yoast_head":"<!-- This site is optimized with the Yoast SEO plugin v27.3 - https:\/\/yoast.com\/product\/yoast-seo-wordpress\/ -->\n<title>Hochwertiges Fr\u00e4sblatt f\u00fcr Fu\u00dfbodenheizung - Europe Diamond B.V.<\/title>\n<meta name=\"description\" content=\"Europediamond hat es sich zur Aufgabe gemacht, hochwertige Fr\u00e4smesser f\u00fcr Fu\u00dfbodenheizungen zu liefern. Mit dem Fokus auf Pr\u00e4zision, Nachhaltigkeit und Innovation unterst\u00fctzen wir sowohl Profis als auch Heimwerker bei ihren Projekten.\" \/>\n<meta name=\"robots\" content=\"noindex, follow, max-snippet:-1, max-image-preview:large, max-video-preview:-1\" \/>\n<meta property=\"og:locale\" content=\"de_DE\" \/>\n<meta property=\"og:type\" content=\"article\" \/>\n<meta property=\"og:title\" content=\"Hochwertiges Fr\u00e4sblatt f\u00fcr Fu\u00dfbodenheizung - Europe Diamond B.V.\" \/>\n<meta property=\"og:description\" content=\"Europediamond hat es sich zur Aufgabe gemacht, hochwertige Fr\u00e4smesser f\u00fcr Fu\u00dfbodenheizungen zu liefern. Mit dem Fokus auf Pr\u00e4zision, Nachhaltigkeit und Innovation unterst\u00fctzen wir sowohl Profis als auch Heimwerker bei ihren Projekten.\" \/>\n<meta property=\"og:url\" content=\"https:\/\/old.europediamond.eu\/de\/uber-uns\" \/>\n<meta property=\"og:site_name\" content=\"Europe Diamond B.V.\" \/>\n<meta property=\"article:publisher\" content=\"https:\/\/www.facebook.com\/old.europediamond.eu\" \/>\n<meta property=\"article:modified_time\" content=\"2024-08-02T12:06:02+00:00\" \/>\n<meta name=\"twitter:card\" content=\"summary_large_image\" \/>\n<script type=\"application\/ld+json\" class=\"yoast-schema-graph\">{\"@context\":\"https:\\\/\\\/schema.org\",\"@graph\":[{\"@type\":\"WebPage\",\"@id\":\"https:\\\/\\\/old.europediamond.eu\\\/de\\\/uber-uns\",\"url\":\"https:\\\/\\\/old.europediamond.eu\\\/de\\\/uber-uns\",\"name\":\"Hochwertiges Fr\u00e4sblatt f\u00fcr Fu\u00dfbodenheizung - Europe Diamond B.V.\",\"isPartOf\":{\"@id\":\"https:\\\/\\\/old.europediamond.eu\\\/de#website\"},\"datePublished\":\"2024-05-24T08:13:04+00:00\",\"dateModified\":\"2024-08-02T12:06:02+00:00\",\"description\":\"Europediamond hat es sich zur Aufgabe gemacht, hochwertige Fr\u00e4smesser f\u00fcr Fu\u00dfbodenheizungen zu liefern. Mit dem Fokus auf Pr\u00e4zision, Nachhaltigkeit und Innovation unterst\u00fctzen wir sowohl Profis als auch Heimwerker bei ihren Projekten.\",\"breadcrumb\":{\"@id\":\"https:\\\/\\\/old.europediamond.eu\\\/de\\\/uber-uns#breadcrumb\"},\"inLanguage\":\"de\",\"potentialAction\":[{\"@type\":\"ReadAction\",\"target\":[\"https:\\\/\\\/old.europediamond.eu\\\/de\\\/uber-uns\"]}]},{\"@type\":\"BreadcrumbList\",\"@id\":\"https:\\\/\\\/old.europediamond.eu\\\/de\\\/uber-uns#breadcrumb\",\"itemListElement\":[{\"@type\":\"ListItem\",\"position\":1,\"name\":\"Home\",\"item\":\"https:\\\/\\\/europediamond.eu\\\/\"},{\"@type\":\"ListItem\",\"position\":2,\"name\":\"\u00dcber uns\"}]},{\"@type\":\"WebSite\",\"@id\":\"https:\\\/\\\/old.europediamond.eu\\\/de#website\",\"url\":\"https:\\\/\\\/old.europediamond.eu\\\/de\",\"name\":\"Europe Diamond B.V.\",\"description\":\"\",\"publisher\":{\"@id\":\"https:\\\/\\\/old.europediamond.eu\\\/de#organization\"},\"potentialAction\":[{\"@type\":\"SearchAction\",\"target\":{\"@type\":\"EntryPoint\",\"urlTemplate\":\"https:\\\/\\\/old.europediamond.eu\\\/de?s={search_term_string}\"},\"query-input\":{\"@type\":\"PropertyValueSpecification\",\"valueRequired\":true,\"valueName\":\"search_term_string\"}}],\"inLanguage\":\"de\"},{\"@type\":\"Organization\",\"@id\":\"https:\\\/\\\/old.europediamond.eu\\\/de#organization\",\"name\":\"Europe Diamond B.V.\",\"url\":\"https:\\\/\\\/old.europediamond.eu\\\/de\",\"logo\":{\"@type\":\"ImageObject\",\"inLanguage\":\"de\",\"@id\":\"https:\\\/\\\/old.europediamond.eu\\\/de#\\\/schema\\\/logo\\\/image\\\/\",\"url\":\"https:\\\/\\\/old.europediamond.eu\\\/wp-content\\\/uploads\\\/2024\\\/05\\\/logo-white.svg\",\"contentUrl\":\"https:\\\/\\\/old.europediamond.eu\\\/wp-content\\\/uploads\\\/2024\\\/05\\\/logo-white.svg\",\"width\":1,\"height\":1,\"caption\":\"Europe Diamond B.V.\"},\"image\":{\"@id\":\"https:\\\/\\\/old.europediamond.eu\\\/de#\\\/schema\\\/logo\\\/image\\\/\"},\"sameAs\":[\"https:\\\/\\\/www.facebook.com\\\/old.europediamond.eu\",\"https:\\\/\\\/www.instagram.com\\\/europediamond\\\/\"]}]}<\/script>\n<!-- \/ Yoast SEO plugin. -->","yoast_head_json":{"title":"Hochwertiges Fr\u00e4sblatt f\u00fcr Fu\u00dfbodenheizung - Europe Diamond B.V.","description":"Europediamond hat es sich zur Aufgabe gemacht, hochwertige Fr\u00e4smesser f\u00fcr Fu\u00dfbodenheizungen zu liefern. Mit dem Fokus auf Pr\u00e4zision, Nachhaltigkeit und Innovation unterst\u00fctzen wir sowohl Profis als auch Heimwerker bei ihren Projekten.","robots":{"index":"noindex","follow":"follow","max-snippet":"max-snippet:-1","max-image-preview":"max-image-preview:large","max-video-preview":"max-video-preview:-1"},"og_locale":"de_DE","og_type":"article","og_title":"Hochwertiges Fr\u00e4sblatt f\u00fcr Fu\u00dfbodenheizung - Europe Diamond B.V.","og_description":"Europediamond hat es sich zur Aufgabe gemacht, hochwertige Fr\u00e4smesser f\u00fcr Fu\u00dfbodenheizungen zu liefern. Mit dem Fokus auf Pr\u00e4zision, Nachhaltigkeit und Innovation unterst\u00fctzen wir sowohl Profis als auch Heimwerker bei ihren Projekten.","og_url":"https:\/\/old.europediamond.eu\/de\/uber-uns","og_site_name":"Europe Diamond B.V.","article_publisher":"https:\/\/www.facebook.com\/old.europediamond.eu","article_modified_time":"2024-08-02T12:06:02+00:00","twitter_card":"summary_large_image","schema":{"@context":"https:\/\/schema.org","@graph":[{"@type":"WebPage","@id":"https:\/\/old.europediamond.eu\/de\/uber-uns","url":"https:\/\/old.europediamond.eu\/de\/uber-uns","name":"Hochwertiges Fr\u00e4sblatt f\u00fcr Fu\u00dfbodenheizung - Europe Diamond B.V.","isPartOf":{"@id":"https:\/\/old.europediamond.eu\/de#website"},"datePublished":"2024-05-24T08:13:04+00:00","dateModified":"2024-08-02T12:06:02+00:00","description":"Europediamond hat es sich zur Aufgabe gemacht, hochwertige Fr\u00e4smesser f\u00fcr Fu\u00dfbodenheizungen zu liefern. Mit dem Fokus auf Pr\u00e4zision, Nachhaltigkeit und Innovation unterst\u00fctzen wir sowohl Profis als auch Heimwerker bei ihren Projekten.","breadcrumb":{"@id":"https:\/\/old.europediamond.eu\/de\/uber-uns#breadcrumb"},"inLanguage":"de","potentialAction":[{"@type":"ReadAction","target":["https:\/\/old.europediamond.eu\/de\/uber-uns"]}]},{"@type":"BreadcrumbList","@id":"https:\/\/old.europediamond.eu\/de\/uber-uns#breadcrumb","itemListElement":[{"@type":"ListItem","position":1,"name":"Home","item":"https:\/\/europediamond.eu\/"},{"@type":"ListItem","position":2,"name":"\u00dcber uns"}]},{"@type":"WebSite","@id":"https:\/\/old.europediamond.eu\/de#website","url":"https:\/\/old.europediamond.eu\/de","name":"Europe Diamond B.V.","description":"","publisher":{"@id":"https:\/\/old.europediamond.eu\/de#organization"},"potentialAction":[{"@type":"SearchAction","target":{"@type":"EntryPoint","urlTemplate":"https:\/\/old.europediamond.eu\/de?s={search_term_string}"},"query-input":{"@type":"PropertyValueSpecification","valueRequired":true,"valueName":"search_term_string"}}],"inLanguage":"de"},{"@type":"Organization","@id":"https:\/\/old.europediamond.eu\/de#organization","name":"Europe Diamond B.V.","url":"https:\/\/old.europediamond.eu\/de","logo":{"@type":"ImageObject","inLanguage":"de","@id":"https:\/\/old.europediamond.eu\/de#\/schema\/logo\/image\/","url":"https:\/\/old.europediamond.eu\/wp-content\/uploads\/2024\/05\/logo-white.svg","contentUrl":"https:\/\/old.europediamond.eu\/wp-content\/uploads\/2024\/05\/logo-white.svg","width":1,"height":1,"caption":"Europe Diamond B.V."},"image":{"@id":"https:\/\/old.europediamond.eu\/de#\/schema\/logo\/image\/"},"sameAs":["https:\/\/www.facebook.com\/old.europediamond.eu","https:\/\/www.instagram.com\/europediamond\/"]}]}},"_links":{"self":[{"href":"https:\/\/old.europediamond.eu\/de\/wp-json\/wp\/v2\/pages\/1223","targetHints":{"allow":["GET"]}}],"collection":[{"href":"https:\/\/old.europediamond.eu\/de\/wp-json\/wp\/v2\/pages"}],"about":[{"href":"https:\/\/old.europediamond.eu\/de\/wp-json\/wp\/v2\/types\/page"}],"author":[{"embeddable":true,"href":"https:\/\/old.europediamond.eu\/de\/wp-json\/wp\/v2\/users\/1"}],"replies":[{"embeddable":true,"href":"https:\/\/old.europediamond.eu\/de\/wp-json\/wp\/v2\/comments?post=1223"}],"version-history":[{"count":47,"href":"https:\/\/old.europediamond.eu\/de\/wp-json\/wp\/v2\/pages\/1223\/revisions"}],"predecessor-version":[{"id":2264,"href":"https:\/\/old.europediamond.eu\/de\/wp-json\/wp\/v2\/pages\/1223\/revisions\/2264"}],"wp:attachment":[{"href":"https:\/\/old.europediamond.eu\/de\/wp-json\/wp\/v2\/media?parent=1223"}],"curies":[{"name":"wp","href":"https:\/\/api.w.org\/{rel}","templated":true}]}}