{"id":1222,"date":"2024-05-24T10:13:44","date_gmt":"2024-05-24T08:13:44","guid":{"rendered":"https:\/\/old.europediamond.eu\/handgemaakt"},"modified":"2024-08-02T10:17:05","modified_gmt":"2024-08-02T08:17:05","slug":"eigenmarke","status":"publish","type":"page","link":"https:\/\/old.europediamond.eu\/de\/eigenmarke","title":{"rendered":"Eigenmarke"},"content":{"rendered":"<section class=\"wpb-header wpb-header--subpage wpb-wst--large wpb-wsb--large wpb-bg-clr--transparent has-background-image\">\n\n    <div class=\"container  container--standard\">\n\n        \n            <div class=\"wpb-text\">\n                <h1>Eigenmarke<\/h1>\n<p><span style=\"font-weight: 400\">Entdecken Sie unsere Private Label-M\u00f6glichkeiten und machen Sie hochwertige Diamantwerkzeuge zu Ihrer eigenen Marke.<\/span><\/p>\n\n                \n            <\/div>\n        \n    <\/div>\n\n            <figure class=\"is-background-image\">\n            <img decoding=\"async\" width=\"1440\" height=\"1920\" src=\"https:\/\/old.europediamond.eu\/wp-content\/uploads\/2024\/06\/WhatsApp-Image-2024-06-28-at-10.21.00-7.jpeg\" class=\"attachment-full size-full\" alt=\"\" srcset=\"https:\/\/old.europediamond.eu\/wp-content\/uploads\/2024\/06\/WhatsApp-Image-2024-06-28-at-10.21.00-7.jpeg 1440w, https:\/\/old.europediamond.eu\/wp-content\/uploads\/2024\/06\/WhatsApp-Image-2024-06-28-at-10.21.00-7-225x300.jpeg 225w, https:\/\/old.europediamond.eu\/wp-content\/uploads\/2024\/06\/WhatsApp-Image-2024-06-28-at-10.21.00-7-768x1024.jpeg 768w, https:\/\/old.europediamond.eu\/wp-content\/uploads\/2024\/06\/WhatsApp-Image-2024-06-28-at-10.21.00-7-1152x1536.jpeg 1152w, https:\/\/old.europediamond.eu\/wp-content\/uploads\/2024\/06\/WhatsApp-Image-2024-06-28-at-10.21.00-7-600x800.jpeg 600w\" sizes=\"(max-width: 1440px) 100vw, 1440px\" \/>        <\/figure>\n    \n<\/section>\n    <section class=\"wpb-usps\">\n        <div class=\"container\">\n                            <div class=\"wpb-usp\">\n                    <img decoding=\"async\" src=\"\/wp-content\/themes\/wux\/assets\/icons\/icon-check.svg\" alt=\"Icon check\">\n                    Sorgf\u00e4ltige Entwicklung des richtigen Fr\u00e4sers f\u00fcr jeden Bodentyp                <\/div>\n                            <div class=\"wpb-usp\">\n                    <img decoding=\"async\" src=\"\/wp-content\/themes\/wux\/assets\/icons\/icon-check.svg\" alt=\"Icon check\">\n                    Private Label-Produktion? \u00dcberhaupt kein Problem                <\/div>\n                            <div class=\"wpb-usp\">\n                    <img decoding=\"async\" src=\"\/wp-content\/themes\/wux\/assets\/icons\/icon-check.svg\" alt=\"Icon check\">\n                    Europas Lieferant Nr. 1!                <\/div>\n                    <\/div>\n    <\/section><section class=\"wpb-block wpb-block--text-media wpb-bg-clr--transparent has-cta\">\n    <div class=\"container  container--standard align-center content-widths--50-50 wpb-wst--medium wpb-wsb--large\">\n\n                    <div class=\"wpb-text\">\n                <h2>M\u00f6glichkeiten<\/h2>\n<p>Bei Europe Diamond bieten wir exklusive Private-Label-M\u00f6glichkeiten an, die es Ihnen erm\u00f6glichen, hochwertige Diamantwerkzeuge unter Ihrem eigenen Markennamen zu verkaufen. Unser umfassendes Know-how und unsere fortschrittlichen Produktionstechniken garantieren h\u00f6chste Qualit\u00e4t. Indem Sie mit uns zusammenarbeiten, erweitern Sie Ihr Angebot, ohne selbst in Produktion und Entwicklung investieren zu m\u00fcssen. Entdecken Sie, wie unsere Private-Label-L\u00f6sungen Ihre Marke st\u00e4rken und Ihren Kunden die besten Werkzeuge anbieten k\u00f6nnen.<\/p>\n\n                \n            <\/div>\n        \n                    <figure class=\"wpb-image wpb-align-right\">\n                <img decoding=\"async\" width=\"1920\" height=\"1440\" src=\"https:\/\/old.europediamond.eu\/wp-content\/uploads\/2024\/06\/WhatsApp-Image-2024-06-28-at-10.21.00-4.jpeg\" class=\"attachment-full size-full\" alt=\"\" srcset=\"https:\/\/old.europediamond.eu\/wp-content\/uploads\/2024\/06\/WhatsApp-Image-2024-06-28-at-10.21.00-4.jpeg 1920w, https:\/\/old.europediamond.eu\/wp-content\/uploads\/2024\/06\/WhatsApp-Image-2024-06-28-at-10.21.00-4-300x225.jpeg 300w, https:\/\/old.europediamond.eu\/wp-content\/uploads\/2024\/06\/WhatsApp-Image-2024-06-28-at-10.21.00-4-1024x768.jpeg 1024w, https:\/\/old.europediamond.eu\/wp-content\/uploads\/2024\/06\/WhatsApp-Image-2024-06-28-at-10.21.00-4-768x576.jpeg 768w, https:\/\/old.europediamond.eu\/wp-content\/uploads\/2024\/06\/WhatsApp-Image-2024-06-28-at-10.21.00-4-1536x1152.jpeg 1536w, https:\/\/old.europediamond.eu\/wp-content\/uploads\/2024\/06\/WhatsApp-Image-2024-06-28-at-10.21.00-4-600x450.jpeg 600w\" sizes=\"(max-width: 1920px) 100vw, 1920px\" \/>                                    <i class=\"wpb-icon wpb-icon--text-media\"><\/i>\n                            <\/figure>\n        \n    <\/div>\n\n    \n            <i class=\"wpb-icon wpb-icon--text-media-background\"><\/i>\n    \n    \n    \n    \n    \n            <div class=\"container container--small\">\n\n                <div class=\"wpb-card wpb-card--cta wpb-bg-clr--primary\">\n                    <div class=\"wpb-card__body\">\n                        <h3>Brauchen Sie einen Rat?<\/h3>\n<p>Sie sind sich nicht sicher, welche Fr\u00e4ser f\u00fcr Ihre Projekte geeignet sind? Europe Diamond ber\u00e4t Sie gerne bei der Wahl des richtigen Fr\u00e4stypes f\u00fcr den richtigen Boden!<\/p>\n                                                    <a href=\"\/kontakt\" class=\"btn btn--white\">\n                                Kontakt aufnehmen                                <i class=\"wpb-icon wpb-icon--arrow-right-long\"><\/i>\n                            <\/a>\n                                            <\/div>\n                    <div class=\"wpb-card__header\">\n                        <img decoding=\"async\" width=\"497\" height=\"597\" src=\"https:\/\/old.europediamond.eu\/wp-content\/uploads\/2024\/07\/bjorn.png\" class=\"attachment-full size-full\" alt=\"\" srcset=\"https:\/\/old.europediamond.eu\/wp-content\/uploads\/2024\/07\/bjorn.png 497w, https:\/\/old.europediamond.eu\/wp-content\/uploads\/2024\/07\/bjorn-250x300.png 250w\" sizes=\"(max-width: 497px) 100vw, 497px\" \/>                    <\/div>\n                    <div class=\"wpb-card__bg\">\n                        <i class=\"wpb-icon wpb-icon--europe-diamond-icon\"><\/i>\n                    <\/div>\n                <\/div>\n                \n            <\/div>\n\n    \n<\/section><section class=\"wpb-block wpb-block--text wpb-wst--small wpb-wsb--large wpb-bg-clr--transparent\">\n    <div class=\"container  container--small\">\n                    <div class=\"wpb-text wpb-text--wide\">\n                <p>Unsere Private Label-Dienstleistungen umfassen ma\u00dfgeschneiderte L\u00f6sungen, von Design und Produktion bis hin zu Verpackung und Branding, die vollst\u00e4ndig auf Ihre spezifischen Bed\u00fcrfnisse und Anforderungen zugeschnitten sind. Sie profitieren von unseren hochmodernen Einrichtungen und unserem engagierten Expertenteam, das eine nahtlose Integration unserer Produkte in Ihr Markenportfolio gew\u00e4hrleistet. Vertrauen Sie Europe Diamond, wenn es darum geht, Ihre Marke mit zuverl\u00e4ssigen, qualitativ hochwertigen Diamantwerkzeugen zu st\u00e4rken, die den h\u00f6chsten Standards entsprechen.<\/p>\n            <\/div>\n        \n        \n        \n            <\/div>\n\n    <\/section>","protected":false},"excerpt":{"rendered":"","protected":false},"author":1,"featured_media":0,"parent":0,"menu_order":0,"comment_status":"closed","ping_status":"closed","template":"","meta":{"_acf_changed":false,"footnotes":""},"class_list":["post-1222","page","type-page","status-publish","hentry"],"acf":[],"yoast_head":"<!-- This site is optimized with the Yoast SEO plugin v27.3 - https:\/\/yoast.com\/product\/yoast-seo-wordpress\/ -->\n<title>Eigenmarke - Europe Diamond B.V.<\/title>\n<meta name=\"description\" content=\"Lees hier meer over Eigenmarke | Europe Diamond B.V.\" \/>\n<meta name=\"robots\" content=\"noindex, follow, max-snippet:-1, max-image-preview:large, max-video-preview:-1\" \/>\n<meta property=\"og:locale\" content=\"de_DE\" \/>\n<meta property=\"og:type\" content=\"article\" \/>\n<meta property=\"og:title\" content=\"Eigenmarke - Europe Diamond B.V.\" \/>\n<meta property=\"og:description\" content=\"Lees hier meer over Eigenmarke | Europe Diamond B.V.\" \/>\n<meta property=\"og:url\" content=\"https:\/\/old.europediamond.eu\/de\/eigenmarke\" \/>\n<meta property=\"og:site_name\" content=\"Europe Diamond B.V.\" \/>\n<meta property=\"article:publisher\" content=\"https:\/\/www.facebook.com\/old.europediamond.eu\" \/>\n<meta property=\"article:modified_time\" content=\"2024-08-02T08:17:05+00:00\" \/>\n<meta name=\"twitter:card\" content=\"summary_large_image\" \/>\n<script type=\"application\/ld+json\" class=\"yoast-schema-graph\">{\"@context\":\"https:\\\/\\\/schema.org\",\"@graph\":[{\"@type\":\"WebPage\",\"@id\":\"https:\\\/\\\/old.europediamond.eu\\\/de\\\/eigenmarke\",\"url\":\"https:\\\/\\\/old.europediamond.eu\\\/de\\\/eigenmarke\",\"name\":\"Eigenmarke - Europe Diamond B.V.\",\"isPartOf\":{\"@id\":\"https:\\\/\\\/old.europediamond.eu\\\/de#website\"},\"datePublished\":\"2024-05-24T08:13:44+00:00\",\"dateModified\":\"2024-08-02T08:17:05+00:00\",\"description\":\"Lees hier meer over Eigenmarke | Europe Diamond B.V.\",\"breadcrumb\":{\"@id\":\"https:\\\/\\\/old.europediamond.eu\\\/de\\\/eigenmarke#breadcrumb\"},\"inLanguage\":\"de\",\"potentialAction\":[{\"@type\":\"ReadAction\",\"target\":[\"https:\\\/\\\/old.europediamond.eu\\\/de\\\/eigenmarke\"]}]},{\"@type\":\"BreadcrumbList\",\"@id\":\"https:\\\/\\\/old.europediamond.eu\\\/de\\\/eigenmarke#breadcrumb\",\"itemListElement\":[{\"@type\":\"ListItem\",\"position\":1,\"name\":\"Home\",\"item\":\"https:\\\/\\\/europediamond.eu\\\/\"},{\"@type\":\"ListItem\",\"position\":2,\"name\":\"Eigenmarke\"}]},{\"@type\":\"WebSite\",\"@id\":\"https:\\\/\\\/old.europediamond.eu\\\/de#website\",\"url\":\"https:\\\/\\\/old.europediamond.eu\\\/de\",\"name\":\"Europe Diamond B.V.\",\"description\":\"\",\"publisher\":{\"@id\":\"https:\\\/\\\/old.europediamond.eu\\\/de#organization\"},\"potentialAction\":[{\"@type\":\"SearchAction\",\"target\":{\"@type\":\"EntryPoint\",\"urlTemplate\":\"https:\\\/\\\/old.europediamond.eu\\\/de?s={search_term_string}\"},\"query-input\":{\"@type\":\"PropertyValueSpecification\",\"valueRequired\":true,\"valueName\":\"search_term_string\"}}],\"inLanguage\":\"de\"},{\"@type\":\"Organization\",\"@id\":\"https:\\\/\\\/old.europediamond.eu\\\/de#organization\",\"name\":\"Europe Diamond B.V.\",\"url\":\"https:\\\/\\\/old.europediamond.eu\\\/de\",\"logo\":{\"@type\":\"ImageObject\",\"inLanguage\":\"de\",\"@id\":\"https:\\\/\\\/old.europediamond.eu\\\/de#\\\/schema\\\/logo\\\/image\\\/\",\"url\":\"https:\\\/\\\/old.europediamond.eu\\\/wp-content\\\/uploads\\\/2024\\\/05\\\/logo-white.svg\",\"contentUrl\":\"https:\\\/\\\/old.europediamond.eu\\\/wp-content\\\/uploads\\\/2024\\\/05\\\/logo-white.svg\",\"width\":1,\"height\":1,\"caption\":\"Europe Diamond B.V.\"},\"image\":{\"@id\":\"https:\\\/\\\/old.europediamond.eu\\\/de#\\\/schema\\\/logo\\\/image\\\/\"},\"sameAs\":[\"https:\\\/\\\/www.facebook.com\\\/old.europediamond.eu\",\"https:\\\/\\\/www.instagram.com\\\/europediamond\\\/\"]}]}<\/script>\n<!-- \/ Yoast SEO plugin. -->","yoast_head_json":{"title":"Eigenmarke - Europe Diamond B.V.","description":"Lees hier meer over Eigenmarke | Europe Diamond B.V.","robots":{"index":"noindex","follow":"follow","max-snippet":"max-snippet:-1","max-image-preview":"max-image-preview:large","max-video-preview":"max-video-preview:-1"},"og_locale":"de_DE","og_type":"article","og_title":"Eigenmarke - Europe Diamond B.V.","og_description":"Lees hier meer over Eigenmarke | Europe Diamond B.V.","og_url":"https:\/\/old.europediamond.eu\/de\/eigenmarke","og_site_name":"Europe Diamond B.V.","article_publisher":"https:\/\/www.facebook.com\/old.europediamond.eu","article_modified_time":"2024-08-02T08:17:05+00:00","twitter_card":"summary_large_image","schema":{"@context":"https:\/\/schema.org","@graph":[{"@type":"WebPage","@id":"https:\/\/old.europediamond.eu\/de\/eigenmarke","url":"https:\/\/old.europediamond.eu\/de\/eigenmarke","name":"Eigenmarke - Europe Diamond B.V.","isPartOf":{"@id":"https:\/\/old.europediamond.eu\/de#website"},"datePublished":"2024-05-24T08:13:44+00:00","dateModified":"2024-08-02T08:17:05+00:00","description":"Lees hier meer over Eigenmarke | Europe Diamond B.V.","breadcrumb":{"@id":"https:\/\/old.europediamond.eu\/de\/eigenmarke#breadcrumb"},"inLanguage":"de","potentialAction":[{"@type":"ReadAction","target":["https:\/\/old.europediamond.eu\/de\/eigenmarke"]}]},{"@type":"BreadcrumbList","@id":"https:\/\/old.europediamond.eu\/de\/eigenmarke#breadcrumb","itemListElement":[{"@type":"ListItem","position":1,"name":"Home","item":"https:\/\/europediamond.eu\/"},{"@type":"ListItem","position":2,"name":"Eigenmarke"}]},{"@type":"WebSite","@id":"https:\/\/old.europediamond.eu\/de#website","url":"https:\/\/old.europediamond.eu\/de","name":"Europe Diamond B.V.","description":"","publisher":{"@id":"https:\/\/old.europediamond.eu\/de#organization"},"potentialAction":[{"@type":"SearchAction","target":{"@type":"EntryPoint","urlTemplate":"https:\/\/old.europediamond.eu\/de?s={search_term_string}"},"query-input":{"@type":"PropertyValueSpecification","valueRequired":true,"valueName":"search_term_string"}}],"inLanguage":"de"},{"@type":"Organization","@id":"https:\/\/old.europediamond.eu\/de#organization","name":"Europe Diamond B.V.","url":"https:\/\/old.europediamond.eu\/de","logo":{"@type":"ImageObject","inLanguage":"de","@id":"https:\/\/old.europediamond.eu\/de#\/schema\/logo\/image\/","url":"https:\/\/old.europediamond.eu\/wp-content\/uploads\/2024\/05\/logo-white.svg","contentUrl":"https:\/\/old.europediamond.eu\/wp-content\/uploads\/2024\/05\/logo-white.svg","width":1,"height":1,"caption":"Europe Diamond B.V."},"image":{"@id":"https:\/\/old.europediamond.eu\/de#\/schema\/logo\/image\/"},"sameAs":["https:\/\/www.facebook.com\/old.europediamond.eu","https:\/\/www.instagram.com\/europediamond\/"]}]}},"_links":{"self":[{"href":"https:\/\/old.europediamond.eu\/de\/wp-json\/wp\/v2\/pages\/1222","targetHints":{"allow":["GET"]}}],"collection":[{"href":"https:\/\/old.europediamond.eu\/de\/wp-json\/wp\/v2\/pages"}],"about":[{"href":"https:\/\/old.europediamond.eu\/de\/wp-json\/wp\/v2\/types\/page"}],"author":[{"embeddable":true,"href":"https:\/\/old.europediamond.eu\/de\/wp-json\/wp\/v2\/users\/1"}],"replies":[{"embeddable":true,"href":"https:\/\/old.europediamond.eu\/de\/wp-json\/wp\/v2\/comments?post=1222"}],"version-history":[{"count":22,"href":"https:\/\/old.europediamond.eu\/de\/wp-json\/wp\/v2\/pages\/1222\/revisions"}],"predecessor-version":[{"id":2237,"href":"https:\/\/old.europediamond.eu\/de\/wp-json\/wp\/v2\/pages\/1222\/revisions\/2237"}],"wp:attachment":[{"href":"https:\/\/old.europediamond.eu\/de\/wp-json\/wp\/v2\/media?parent=1222"}],"curies":[{"name":"wp","href":"https:\/\/api.w.org\/{rel}","templated":true}]}}