{"id":1221,"date":"2023-02-16T15:15:16","date_gmt":"2023-02-16T13:15:16","guid":{"rendered":"https:\/\/old.europediamond.eu\/contact"},"modified":"2024-08-02T13:23:51","modified_gmt":"2024-08-02T11:23:51","slug":"kontakt","status":"publish","type":"page","link":"https:\/\/old.europediamond.eu\/de\/kontakt","title":{"rendered":"Kontakt"},"content":{"rendered":"<section class=\"wpb-block wpb-block--reviews wpb-wst--large wpb-bg-clr--transparent\">\n\n    <div class=\"wpb-section__header\">\n        <div class=\"container\">\n                            <div class=\"wpb-text\">\n                    <h2 style=\"text-align: center\">Mehr als\u00a0<em>300<\/em>\u00a0zufriedene Kunden<\/h2>\n                <\/div>\n                    <\/div>\n    <\/div>\n\n    <div class=\"wpb-section__body has-background-image wpb-wsb--large\">\n        <div class=\"container\">\n    \n                            <div class=\"owl-carousel owl-carousel--review\">\n                    <div class=\"wpb-card wpb-card--review\">\n    <div class=\"wpb-card__body\">\n                    <div class=\"star-rating\">\n                                    <i class=\"wpb-icon wpb-icon--star\"><\/i>    \n                                    <i class=\"wpb-icon wpb-icon--star\"><\/i>    \n                                    <i class=\"wpb-icon wpb-icon--star\"><\/i>    \n                                    <i class=\"wpb-icon wpb-icon--star\"><\/i>    \n                                    <i class=\"wpb-icon wpb-icon--star\"><\/i>    \n                            <\/div>    \n                    <p class=\"review-description\">\n                Fu\u00dfbodenheizung einfr\u00e4sen mit den Scheiben von Europe Diamond funktioniert wirklich hervorragend.\r\nDie gelben Scheiben f\u00fcr einen normalen Zementestrich fr\u00e4sen perfekt und halten viele Meter und B\u00f6den aus. Die gelben sind auch meine Lieblingsscheiben. Die roten Scheiben f\u00fcr harte B\u00f6den, Betonb\u00f6den oder Fliesenb\u00f6den funktionieren ebenfalls super. Letztens habe ich 15 Gruppen Fliesen mit einer roten Scheibe gefr\u00e4st, also spart das Fr\u00e4sen mit der richtigen Scheibe im richtigen Boden viel Zeit und Geld. Die neueste gr\u00fcne Scheibe funktioniert auch wirklich sehr gut auf extrem harten Betonb\u00f6den mit Wasser.\r\n\r\nBestellungen werden auch schnell geliefert. Letztens hatte ich es eilig und Bjorn hat die Bestellung pers\u00f6nlich geliefert, damit ich den Auftrag rechtzeitig erledigen konnte.            <\/p>\n          \n        \n            <div class=\"wpb-person\">\n                                <div class=\"wpb-person__text\">\n                                        <strong>Naf<\/strong>\n                                                        <\/div>\n            <\/div>\n    <\/div>\n<\/div><div class=\"wpb-card wpb-card--review\">\n    <div class=\"wpb-card__body\">\n                    <div class=\"star-rating\">\n                                    <i class=\"wpb-icon wpb-icon--star\"><\/i>    \n                                    <i class=\"wpb-icon wpb-icon--star\"><\/i>    \n                                    <i class=\"wpb-icon wpb-icon--star\"><\/i>    \n                                    <i class=\"wpb-icon wpb-icon--star\"><\/i>    \n                                    <i class=\"wpb-icon wpb-icon--star\"><\/i>    \n                            <\/div>    \n                    <p class=\"review-description\">\n                Wir fr\u00e4sen nur noch mit den Fr\u00e4sern von Europe Diamond. Sie sind vielleicht etwas teurer in der Anschaffung, aber das holt man definitiv wieder raus, also spart man am Ende Geld. Au\u00dferdem ist der Service wirklich top. Braucht man dringend Scheiben, sind Bjorn oder die Jungs schon unterwegs. Super.            <\/p>\n          \n        \n            <div class=\"wpb-person\">\n                                <div class=\"wpb-person__text\">\n                                        <strong>Quincy<\/strong>\n                                                        <\/div>\n            <\/div>\n    <\/div>\n<\/div><div class=\"wpb-card wpb-card--review\">\n    <div class=\"wpb-card__body\">\n                    <div class=\"star-rating\">\n                                    <i class=\"wpb-icon wpb-icon--star\"><\/i>    \n                                    <i class=\"wpb-icon wpb-icon--star\"><\/i>    \n                                    <i class=\"wpb-icon wpb-icon--star\"><\/i>    \n                                    <i class=\"wpb-icon wpb-icon--star\"><\/i>    \n                                    <i class=\"wpb-icon wpb-icon--star\"><\/i>    \n                            <\/div>    \n                    <p class=\"review-description\">\n                Wir sind schon seit Jahren sehr zufrieden mit den Fr\u00e4sscheiben von Europe Diamond. Der Kontakt mit Bjorn ist auch super, wir fragen und er arrangiert es.            <\/p>\n          \n        \n            <div class=\"wpb-person\">\n                                <div class=\"wpb-person__text\">\n                                        <strong>Frank<\/strong>\n                                                        <\/div>\n            <\/div>\n    <\/div>\n<\/div>                <\/div>\n                    <\/div>\n\n                    <figure class=\"is-background-image\">\n                <img decoding=\"async\" width=\"1920\" height=\"1280\" src=\"https:\/\/old.europediamond.eu\/wp-content\/uploads\/2024\/05\/header.jpg\" class=\"attachment-full size-full\" alt=\"\" srcset=\"https:\/\/old.europediamond.eu\/wp-content\/uploads\/2024\/05\/header.jpg 1920w, https:\/\/old.europediamond.eu\/wp-content\/uploads\/2024\/05\/header-300x200.jpg 300w, https:\/\/old.europediamond.eu\/wp-content\/uploads\/2024\/05\/header-1024x683.jpg 1024w, https:\/\/old.europediamond.eu\/wp-content\/uploads\/2024\/05\/header-768x512.jpg 768w, https:\/\/old.europediamond.eu\/wp-content\/uploads\/2024\/05\/header-1536x1024.jpg 1536w, https:\/\/old.europediamond.eu\/wp-content\/uploads\/2024\/05\/header-600x400.jpg 600w\" sizes=\"(max-width: 1920px) 100vw, 1920px\" \/>            <\/figure>\n        \n    <\/div>\n\n<\/section>","protected":false},"excerpt":{"rendered":"","protected":false},"author":1,"featured_media":0,"parent":0,"menu_order":0,"comment_status":"closed","ping_status":"closed","template":"templates\/contact.php","meta":{"_acf_changed":false,"footnotes":""},"class_list":["post-1221","page","type-page","status-publish","hentry"],"acf":[],"yoast_head":"<!-- This site is optimized with the Yoast SEO plugin v27.3 - https:\/\/yoast.com\/product\/yoast-seo-wordpress\/ -->\n<title>Kontakt - Europe Diamond B.V.<\/title>\n<meta name=\"description\" content=\"Lees hier meer over Kontakt | Europe Diamond B.V.\" \/>\n<meta name=\"robots\" content=\"noindex, follow, max-snippet:-1, max-image-preview:large, max-video-preview:-1\" \/>\n<meta property=\"og:locale\" content=\"de_DE\" \/>\n<meta property=\"og:type\" content=\"article\" \/>\n<meta property=\"og:title\" content=\"Kontakt - Europe Diamond B.V.\" \/>\n<meta property=\"og:description\" content=\"Lees hier meer over Kontakt | Europe Diamond B.V.\" \/>\n<meta property=\"og:url\" content=\"https:\/\/old.europediamond.eu\/de\/kontakt\" \/>\n<meta property=\"og:site_name\" content=\"Europe Diamond B.V.\" \/>\n<meta property=\"article:publisher\" content=\"https:\/\/www.facebook.com\/old.europediamond.eu\" \/>\n<meta property=\"article:modified_time\" content=\"2024-08-02T11:23:51+00:00\" \/>\n<meta name=\"twitter:card\" content=\"summary_large_image\" \/>\n<script type=\"application\/ld+json\" class=\"yoast-schema-graph\">{\"@context\":\"https:\\\/\\\/schema.org\",\"@graph\":[{\"@type\":\"WebPage\",\"@id\":\"https:\\\/\\\/old.europediamond.eu\\\/de\\\/kontakt\",\"url\":\"https:\\\/\\\/old.europediamond.eu\\\/de\\\/kontakt\",\"name\":\"Kontakt - Europe Diamond B.V.\",\"isPartOf\":{\"@id\":\"https:\\\/\\\/old.europediamond.eu\\\/de#website\"},\"datePublished\":\"2023-02-16T13:15:16+00:00\",\"dateModified\":\"2024-08-02T11:23:51+00:00\",\"description\":\"Lees hier meer over Kontakt | Europe Diamond B.V.\",\"breadcrumb\":{\"@id\":\"https:\\\/\\\/old.europediamond.eu\\\/de\\\/kontakt#breadcrumb\"},\"inLanguage\":\"de\",\"potentialAction\":[{\"@type\":\"ReadAction\",\"target\":[\"https:\\\/\\\/old.europediamond.eu\\\/de\\\/kontakt\"]}]},{\"@type\":\"BreadcrumbList\",\"@id\":\"https:\\\/\\\/old.europediamond.eu\\\/de\\\/kontakt#breadcrumb\",\"itemListElement\":[{\"@type\":\"ListItem\",\"position\":1,\"name\":\"Home\",\"item\":\"https:\\\/\\\/europediamond.eu\\\/\"},{\"@type\":\"ListItem\",\"position\":2,\"name\":\"Kontakt\"}]},{\"@type\":\"WebSite\",\"@id\":\"https:\\\/\\\/old.europediamond.eu\\\/de#website\",\"url\":\"https:\\\/\\\/old.europediamond.eu\\\/de\",\"name\":\"Europe Diamond B.V.\",\"description\":\"\",\"publisher\":{\"@id\":\"https:\\\/\\\/old.europediamond.eu\\\/de#organization\"},\"potentialAction\":[{\"@type\":\"SearchAction\",\"target\":{\"@type\":\"EntryPoint\",\"urlTemplate\":\"https:\\\/\\\/old.europediamond.eu\\\/de?s={search_term_string}\"},\"query-input\":{\"@type\":\"PropertyValueSpecification\",\"valueRequired\":true,\"valueName\":\"search_term_string\"}}],\"inLanguage\":\"de\"},{\"@type\":\"Organization\",\"@id\":\"https:\\\/\\\/old.europediamond.eu\\\/de#organization\",\"name\":\"Europe Diamond B.V.\",\"url\":\"https:\\\/\\\/old.europediamond.eu\\\/de\",\"logo\":{\"@type\":\"ImageObject\",\"inLanguage\":\"de\",\"@id\":\"https:\\\/\\\/old.europediamond.eu\\\/de#\\\/schema\\\/logo\\\/image\\\/\",\"url\":\"https:\\\/\\\/old.europediamond.eu\\\/wp-content\\\/uploads\\\/2024\\\/05\\\/logo-white.svg\",\"contentUrl\":\"https:\\\/\\\/old.europediamond.eu\\\/wp-content\\\/uploads\\\/2024\\\/05\\\/logo-white.svg\",\"width\":1,\"height\":1,\"caption\":\"Europe Diamond B.V.\"},\"image\":{\"@id\":\"https:\\\/\\\/old.europediamond.eu\\\/de#\\\/schema\\\/logo\\\/image\\\/\"},\"sameAs\":[\"https:\\\/\\\/www.facebook.com\\\/old.europediamond.eu\",\"https:\\\/\\\/www.instagram.com\\\/europediamond\\\/\"]}]}<\/script>\n<!-- \/ Yoast SEO plugin. -->","yoast_head_json":{"title":"Kontakt - Europe Diamond B.V.","description":"Lees hier meer over Kontakt | Europe Diamond B.V.","robots":{"index":"noindex","follow":"follow","max-snippet":"max-snippet:-1","max-image-preview":"max-image-preview:large","max-video-preview":"max-video-preview:-1"},"og_locale":"de_DE","og_type":"article","og_title":"Kontakt - Europe Diamond B.V.","og_description":"Lees hier meer over Kontakt | Europe Diamond B.V.","og_url":"https:\/\/old.europediamond.eu\/de\/kontakt","og_site_name":"Europe Diamond B.V.","article_publisher":"https:\/\/www.facebook.com\/old.europediamond.eu","article_modified_time":"2024-08-02T11:23:51+00:00","twitter_card":"summary_large_image","schema":{"@context":"https:\/\/schema.org","@graph":[{"@type":"WebPage","@id":"https:\/\/old.europediamond.eu\/de\/kontakt","url":"https:\/\/old.europediamond.eu\/de\/kontakt","name":"Kontakt - Europe Diamond B.V.","isPartOf":{"@id":"https:\/\/old.europediamond.eu\/de#website"},"datePublished":"2023-02-16T13:15:16+00:00","dateModified":"2024-08-02T11:23:51+00:00","description":"Lees hier meer over Kontakt | Europe Diamond B.V.","breadcrumb":{"@id":"https:\/\/old.europediamond.eu\/de\/kontakt#breadcrumb"},"inLanguage":"de","potentialAction":[{"@type":"ReadAction","target":["https:\/\/old.europediamond.eu\/de\/kontakt"]}]},{"@type":"BreadcrumbList","@id":"https:\/\/old.europediamond.eu\/de\/kontakt#breadcrumb","itemListElement":[{"@type":"ListItem","position":1,"name":"Home","item":"https:\/\/europediamond.eu\/"},{"@type":"ListItem","position":2,"name":"Kontakt"}]},{"@type":"WebSite","@id":"https:\/\/old.europediamond.eu\/de#website","url":"https:\/\/old.europediamond.eu\/de","name":"Europe Diamond B.V.","description":"","publisher":{"@id":"https:\/\/old.europediamond.eu\/de#organization"},"potentialAction":[{"@type":"SearchAction","target":{"@type":"EntryPoint","urlTemplate":"https:\/\/old.europediamond.eu\/de?s={search_term_string}"},"query-input":{"@type":"PropertyValueSpecification","valueRequired":true,"valueName":"search_term_string"}}],"inLanguage":"de"},{"@type":"Organization","@id":"https:\/\/old.europediamond.eu\/de#organization","name":"Europe Diamond B.V.","url":"https:\/\/old.europediamond.eu\/de","logo":{"@type":"ImageObject","inLanguage":"de","@id":"https:\/\/old.europediamond.eu\/de#\/schema\/logo\/image\/","url":"https:\/\/old.europediamond.eu\/wp-content\/uploads\/2024\/05\/logo-white.svg","contentUrl":"https:\/\/old.europediamond.eu\/wp-content\/uploads\/2024\/05\/logo-white.svg","width":1,"height":1,"caption":"Europe Diamond B.V."},"image":{"@id":"https:\/\/old.europediamond.eu\/de#\/schema\/logo\/image\/"},"sameAs":["https:\/\/www.facebook.com\/old.europediamond.eu","https:\/\/www.instagram.com\/europediamond\/"]}]}},"_links":{"self":[{"href":"https:\/\/old.europediamond.eu\/de\/wp-json\/wp\/v2\/pages\/1221","targetHints":{"allow":["GET"]}}],"collection":[{"href":"https:\/\/old.europediamond.eu\/de\/wp-json\/wp\/v2\/pages"}],"about":[{"href":"https:\/\/old.europediamond.eu\/de\/wp-json\/wp\/v2\/types\/page"}],"author":[{"embeddable":true,"href":"https:\/\/old.europediamond.eu\/de\/wp-json\/wp\/v2\/users\/1"}],"replies":[{"embeddable":true,"href":"https:\/\/old.europediamond.eu\/de\/wp-json\/wp\/v2\/comments?post=1221"}],"version-history":[{"count":5,"href":"https:\/\/old.europediamond.eu\/de\/wp-json\/wp\/v2\/pages\/1221\/revisions"}],"predecessor-version":[{"id":2154,"href":"https:\/\/old.europediamond.eu\/de\/wp-json\/wp\/v2\/pages\/1221\/revisions\/2154"}],"wp:attachment":[{"href":"https:\/\/old.europediamond.eu\/de\/wp-json\/wp\/v2\/media?parent=1221"}],"curies":[{"name":"wp","href":"https:\/\/api.w.org\/{rel}","templated":true}]}}